{"id":1410,"date":"2023-10-13T11:49:09","date_gmt":"2023-10-13T11:49:09","guid":{"rendered":"https:\/\/www.myreportin.com\/sobre-nosaltres\/"},"modified":"2024-06-27T11:32:10","modified_gmt":"2024-06-27T11:32:10","slug":"sobre-nosaltres","status":"publish","type":"page","link":"https:\/\/www.myreportin.com\/ca\/sobre-nosaltres\/","title":{"rendered":"sobre-nosaltres"},"content":{"rendered":"\t\t<div data-elementor-type=\"wp-page\" data-elementor-id=\"1410\" class=\"elementor elementor-1410 elementor-732\" data-elementor-post-type=\"page\">\n\t\t\t\t<div class=\"elementor-element elementor-element-03a7cd3 e-con-full e-flex e-con e-parent\" data-id=\"03a7cd3\" data-element_type=\"container\" data-settings=\"{&quot;background_background&quot;:&quot;gradient&quot;}\">\n\t\t<div class=\"elementor-element elementor-element-a3ac136 e-con-full e-flex e-con e-child\" data-id=\"a3ac136\" data-element_type=\"container\">\n\t\t\t\t<div class=\"elementor-element elementor-element-ce7876d elementor-widget__width-initial elementor-widget elementor-widget-heading\" data-id=\"ce7876d\" data-element_type=\"widget\" data-widget_type=\"heading.default\">\n\t\t\t\t<div class=\"elementor-widget-container\">\n\t\t\t\t\t<h2 class=\"elementor-heading-title elementor-size-default\">Sobre nosaltres<\/h2>\t\t\t\t<\/div>\n\t\t\t\t<\/div>\n\t\t\t\t<\/div>\n\t\t\t\t<\/div>\n\t\t<div class=\"elementor-element elementor-element-3dc4dbe e-flex e-con-boxed e-con e-parent\" data-id=\"3dc4dbe\" data-element_type=\"container\">\n\t\t\t\t\t<div class=\"e-con-inner\">\n\t\t\t\t<div class=\"elementor-element elementor-element-fb9af61 elementor-widget elementor-widget-text-editor\" data-id=\"fb9af61\" data-element_type=\"widget\" data-widget_type=\"text-editor.default\">\n\t\t\t\t<div class=\"elementor-widget-container\">\n\t\t\t\t\t\t\t\t\t<p>L&#8217;aplicaci\u00f3 <strong>myReport!n<\/strong> ha estat desenvolupada per <strong>Link Soluciones<\/strong>, una empresa l\u00edder en el camp de la tecnologia i la innovaci\u00f3.<\/p>\n<p>Link Soluciones \u00e9s una <strong>consultoria tecnol\u00f2gica<\/strong> <strong>integral<\/strong> i ofereix <strong>solucions de programari innovadores<\/strong> per a l&#8217;activitat professional d&#8217;assessories, despatxos, departaments de recursos humans, grans empreses, pimes i aut\u00f2noms.<\/p>\n<p><strong>Distribu\u00efdor Premium i Partner de refer\u00e8ncia de Wolters Kluwer<\/strong> a Espanya facilita l&#8217;acc\u00e9s a la tecnologia a clients de tot el territori nacional, des de les seus de Madrid, Gran Canaria i Tenerife.<\/p>\n<p>Per a m\u00e9s informaci\u00f3, visita la nostra <a href=\"https:\/\/www.linksoluciones.com\/\" target=\"_blank\" rel=\"noopener\">p\u00e0gina web<\/a>.<\/p>\n\t\t\t\t\t\t\t\t<\/div>\n\t\t\t\t<\/div>\n\t\t\t\t\t<\/div>\n\t\t\t\t<\/div>\n\t\t\t\t<\/div>\n\t\t","protected":false},"excerpt":{"rendered":"<p>Sobre nosaltres L&#8217;aplicaci\u00f3 myReport!n ha estat desenvolupada per Link Soluciones, una empresa l\u00edder en el camp de la tecnologia i la innovaci\u00f3. Link Soluciones \u00e9s una consultoria tecnol\u00f2gica integral i ofereix solucions de programari innovadores per a l&#8217;activitat professional d&#8217;assessories, despatxos, departaments de recursos humans, grans empreses, pimes i aut\u00f2noms. Distribu\u00efdor Premium i Partner de &hellip;<\/p>\n<p class=\"read-more\"> <a class=\"\" href=\"https:\/\/www.myreportin.com\/ca\/sobre-nosaltres\/\"> <span class=\"screen-reader-text\">sobre-nosaltres<\/span> Llegeix m\u00e9s &raquo;<\/a><\/p>\n","protected":false},"author":1,"featured_media":0,"parent":0,"menu_order":0,"comment_status":"closed","ping_status":"closed","template":"","meta":{"site-sidebar-layout":"no-sidebar","site-content-layout":"","ast-site-content-layout":"full-width-container","site-content-style":"default","site-sidebar-style":"default","ast-global-header-display":"","ast-banner-title-visibility":"","ast-main-header-display":"","ast-hfb-above-header-display":"","ast-hfb-below-header-display":"","ast-hfb-mobile-header-display":"","site-post-title":"disabled","ast-breadcrumbs-content":"","ast-featured-img":"disabled","footer-sml-layout":"","theme-transparent-header-meta":"","adv-header-id-meta":"","stick-header-meta":"","header-above-stick-meta":"","header-main-stick-meta":"","header-below-stick-meta":"","astra-migrate-meta-layouts":"","footnotes":""},"class_list":["post-1410","page","type-page","status-publish","hentry"],"_links":{"self":[{"href":"https:\/\/www.myreportin.com\/ca\/wp-json\/wp\/v2\/pages\/1410","targetHints":{"allow":["GET"]}}],"collection":[{"href":"https:\/\/www.myreportin.com\/ca\/wp-json\/wp\/v2\/pages"}],"about":[{"href":"https:\/\/www.myreportin.com\/ca\/wp-json\/wp\/v2\/types\/page"}],"author":[{"embeddable":true,"href":"https:\/\/www.myreportin.com\/ca\/wp-json\/wp\/v2\/users\/1"}],"replies":[{"embeddable":true,"href":"https:\/\/www.myreportin.com\/ca\/wp-json\/wp\/v2\/comments?post=1410"}],"version-history":[{"count":9,"href":"https:\/\/www.myreportin.com\/ca\/wp-json\/wp\/v2\/pages\/1410\/revisions"}],"predecessor-version":[{"id":2991,"href":"https:\/\/www.myreportin.com\/ca\/wp-json\/wp\/v2\/pages\/1410\/revisions\/2991"}],"wp:attachment":[{"href":"https:\/\/www.myreportin.com\/ca\/wp-json\/wp\/v2\/media?parent=1410"}],"curies":[{"name":"wp","href":"https:\/\/api.w.org\/{rel}","templated":true}]}}