{"id":1478,"date":"2023-10-09T04:53:55","date_gmt":"2023-10-09T04:53:55","guid":{"rendered":"https:\/\/www.myreportin.com\/termes-i-condicions-generals-de-contractacio\/"},"modified":"2024-06-27T12:07:16","modified_gmt":"2024-06-27T12:07:16","slug":"termes-i-condicions-generals-de-contractacio","status":"publish","type":"page","link":"https:\/\/www.myreportin.com\/ca\/termes-i-condicions-generals-de-contractacio\/","title":{"rendered":"Termes i condicions generals de contractaci\u00f3"},"content":{"rendered":"\t\t<div data-elementor-type=\"wp-page\" data-elementor-id=\"1478\" class=\"elementor elementor-1478 elementor-146\" data-elementor-post-type=\"page\">\n\t\t\t\t<div class=\"elementor-element elementor-element-58376a2 e-flex e-con-boxed e-con e-parent\" data-id=\"58376a2\" data-element_type=\"container\">\n\t\t\t\t\t<div class=\"e-con-inner\">\n\t\t\t\t<div class=\"elementor-element elementor-element-9e374df elementor-widget elementor-widget-heading\" data-id=\"9e374df\" data-element_type=\"widget\" data-widget_type=\"heading.default\">\n\t\t\t\t<div class=\"elementor-widget-container\">\n\t\t\t\t\t<h2 class=\"elementor-heading-title elementor-size-default\">Condicions particulars del contracte per a servei myReport!<\/h2>\t\t\t\t<\/div>\n\t\t\t\t<\/div>\n\t\t\t\t<div class=\"elementor-element elementor-element-3a7b7fc elementor-widget elementor-widget-text-editor\" data-id=\"3a7b7fc\" data-element_type=\"widget\" data-widget_type=\"text-editor.default\">\n\t\t\t\t<div class=\"elementor-widget-container\">\n\t\t\t\t\t\t\t\t\t<div>\n<p>\n<b>PRIMERA.- QUALIFICACI\u00d3 JUR\u00cdDICA I OBJECTE.<\/b>\nPel present contracte el client contracta a LINK SOLUCIONES INFORM\u00c0TIQUES, SL (d&#8217;ara endavant LINK) perqu\u00e8 realitzi la prestaci\u00f3 dels serveis que es relacionen a la cl\u00e0usula tercera i que s&#8217;especifiquen a la factura corresponent. LINK atorga al client el dret no exclusiu, no transferible per utilitzar el Servei i fer els seus prop\u00f2sits relacionats amb els termes i condicions d&#8217;aquest Contracte. Tots els drets que no li siguin atorgats de forma expl\u00edcita se&#8217;ls reservaran WKE i els seus llicenciataris.\n<\/p>\n<p>\n<b>SEGONA.- DEFINICIONS.<\/b>\nProve\u00efdor de Serveis dAplicaci\u00f3, proporciona la capacitat dutilitzar una aplicaci\u00f3 Web exclusivament a trav\u00e9s dInternet. Aplicaci\u00f3 Web: Tota seq\u00fc\u00e8ncia d&#8217;instruccions o indicacions destinades a ser utilitzades, directament o indirectament, en un sistema inform\u00e0tic per realitzar una funci\u00f3 o una tasca o per obtenir un resultat determinat, sigui quina sigui la seva forma d&#8217;expressi\u00f3 i fixaci\u00f3. La interf\u00edcie \u00e9s un navegador web, i l&#8217;execuci\u00f3 es produeix al prove\u00efdor de serveis d&#8217;aplicaci\u00f3. Dades del client \/ Base de dades: Recull de dades disposades de manera sistem\u00e0tica o met\u00f2dica i accessible individualment \u00fanicament pel client a trav\u00e9s de laplicaci\u00f3 Web. Usuari: Persona que t\u00e9 dret a utilitzar el programa per estar autoritzada per fer-ho exclusivament a trav\u00e9s d&#8217;Internet, utilitzant un navegador web.\n<\/p>\n<p>\n<b>TERCERA. \u2013 CONTINGUT DE SERVEI.<\/b>\nEl servei inclour\u00e0:\n<\/p><ol class=\"listaLower\">\n \t<li>Acc\u00e9s mitjan\u00e7ant Internet a les aplicacions, utilitzant un navegador de manera no exclusiva, i no transferible, mitjan\u00e7ant la utilitzaci\u00f3 d&#8217;una clau d&#8217;acc\u00e9s, per a cadascun dels usuaris, aquestes claus seran facilitades per LINK.<\/li>\n \t<li>Modificaci\u00f3 dels m\u00f2duls necessaris per adaptar l&#8217;aplicaci\u00f3 Web a les exig\u00e8ncies legals de la normativa vigent a l&#8217;estat Espanyol &#8211; Acc\u00e9s al servei de Postvenda, sempre dins d&#8217;hores h\u00e0bils de treball,<\/li>\n \t<li>C\u00f2pies de seguretat: &#8211; Actives: Link compta amb una pol\u00edtica de c\u00f2pies de seguretat que gestiona amb el seu prove\u00efdor de serveis de hosting. La freq\u00fc\u00e8ncia de les c\u00f2pies de seguretat \u00e9s duna c\u00f2pia cada hora i el seu per\u00edode de retenci\u00f3 podr\u00e0 variar segons la modalitat de servei contractat. El client rebr\u00e0, a t\u00edtol merament informatiu, el text de les novetats legislatives relacionades amb el programa contractat i un breu resum del contingut de les mateixes, utilitzant-se a aquest efecte com a canal de comunicaci\u00f3 exclusivament el correu electr\u00f2nic. LINK no es fa responsable de la informaci\u00f3 subministrada, ja que els \u00fanics textos que tenen validesa jur\u00eddica s\u00f3n els publicats als Butlletins i Diaris Oficials.<\/li>\n<\/ol>\n\n<p>\n<b>QUARTA &#8211; DESCRIPCI\u00d3 I CONDICIONS D&#8217;ACC\u00c9S AL SERVICI.<\/b>\n<\/p><ol class=\"listaLower\">\n \t<li>Condicions d&#8217;acc\u00e9s: El client rebr\u00e0 per a cada usuari contractat, un codi i una clau d&#8217;acc\u00e9s per poder utilitzar l&#8217;aplicaci\u00f3 exclusivament mitjan\u00e7ant Internet. Addicionalment, el client disposar\u00e0 d&#8217;un codi i una clau addicional per administrar les dades del vostre compte client, com ara assignar drets d&#8217;acc\u00e9s als usuaris, consultar els registres d&#8217;acc\u00e9s, etc.<\/li>\n \t<li>Els usuaris podran, a trav\u00e9s de l&#8217;aplicaci\u00f3 Web, tractar totes les dades facilitades conforme a les cl\u00e0usules anteriors, podent realitzar tots els c\u00e0lculs i processos relacionats amb aquest contracte.<\/li>\n \t<li>El client no podr\u00e0 atorgar llic\u00e8ncies, subllicenciar, vendre, revendre, transferir, assignar, distribuir, explotar comercialment altrament ni posar el Servei o El Contingut a disposici\u00f3 de tercers.<\/li>\n \t<li>El client no podr\u00e0 modificar el servei o el contingut ni realitzar-ne treballs derivats.<\/li>\n \t<li>El client no podr\u00e0 crear \u201cenlla\u00e7os\u201d amb el Servei a Internet, ni \u201cadaptar\u201d o \u201cduplicar\u201d cap contingut en cap altre servidor ni dispositiu sense fil o basat en Internet; ni utilitzar t\u00e8cniques denginyeria inversa, i accedir al Servei per tal de crear un producte o servei competitiu, crear un producte utilitzant idees, caracter\u00edstiques, funciona o gr\u00e0fics similars als del servei.<\/li>\n \t<li>Els codis d&#8217;usuaris no podran compartir-se ni ser utilitzades per m\u00e9s d&#8217;un Usuari individual de manera simult\u00e0nia, per\u00f2 podran en determinades ocasions reassignar-se a nous usuaris que substitueixin Usuaris anteriors que hagin cessat als seus llocs de treball o la categoria laboral o funci\u00f3 dels quals hagi canviat i ja no utilitzin el Servei.<\/li>\n \t<li>La base de dades facilitada pel client i les dades successives introdu\u00efdes pel client, a trav\u00e9s de l&#8217;aplicaci\u00f3 Web de LINK, pertanyen exclusivament al client. Seran registrats i emmagatzemats en un servidor gestionat per LINK, d&#8217;acord amb els vostres documents p\u00fablics: Pol\u00edtica de Seguretat i Privadesa de dades.<\/li>\n<\/ol>\n\n<p>\n<b>CINQUENA.- GARANTIA, RESPONSABILITAT CIVIL I CONFIDENCIALITAT. <\/b>\nPer a la provisi\u00f3 dels serveis relacionats \u00fanicament amb l&#8217;APLICACI\u00d3 en modalitat cloud, Link Soluciones Inform\u00e0tiques compta amb el prove\u00efdor de serveis de hosting certificat per la ISO 27001, Amazon AWS, els servidors dels quals es troben dins de l&#8217;Espai Econ\u00f2mic Europeu. Link Soluciones Inform\u00e1ticas podr\u00e0 informar de canvi dels Prove\u00efdors a trav\u00e9s de mitjans de comunicaci\u00f3 electr\u00f2nica oa trav\u00e9s de la seva pr\u00f2pia web . La plataforma AWS compta amb certificacions i serveis CSA STAR i ISO d&#8217;AWS. AWS compta amb la certificaci\u00f3 de conformitat amb les normes ISO\/IEC 27001:2013, 27017:2015, 27018:2019, 27701:2019, 22301:2019, 9001:2015 i CSA STAR CCM v4.\nNo obstant aix\u00f2, malgrat aplicar el sistema de qualitat, el servei d&#8217;aplicaci\u00f3 web proporcionat a trav\u00e9s d&#8217;Internet es pot veure sotm\u00e8s a circumst\u00e0ncies aleat\u00f2ries, entre d&#8217;altres: &#8211; De fallades a les infraestructures del servidor, de la xarxa Internet i d&#8217;altres programes instal\u00b7lats a l&#8217;ordinador del client des d&#8217;on es connectin al servei &#8211; D&#8217;errors de c\u00e0lcul o altres errors de detecci\u00f3 impossible en condicions normals de simulaci\u00f3 a l&#8217;aplicaci\u00f3 Web.\n&#8211; D&#8217;errors inclosos a les normes publicades al BOE, sobre les quals es basa la funcionalitat d&#8217;aquest programa de Link. Aquests errors tamb\u00e9 poden tenir el seu origen en l&#8217;elevat nombre de casu\u00edstiques diferents que es poden produir i de la necessitat del Client d&#8217;utilitzar el servei de manera immediata, de manera que no hi hagi un lapse de temps suficient entre la publicaci\u00f3 de la norma i la seva incorporaci\u00f3 a les noves versions, per provar totes les possibilitats o casu\u00edstiques. Link Garanteix la correcci\u00f3 gratu\u00efta, per als clients que tinguin subscrit aquest contracte de servei, de tots aquells errors demostrables de manera fefaent que li siguin comunicats. Les correccions seran incorporades autom\u00e0ticament i per tant posades a disposici\u00f3 dels clients a l&#8217;aplicaci\u00f3 Web b) Tampoc no \u00e9s imputable a LINK, l&#8217;alteraci\u00f3 de la velocitat de les comunicacions i la qualitat de les mateixes. c) En tot cas, Link no ser\u00e0 responsable dels danys o perjudicis, que no siguin \u00fanicament i exclusivament imputables a Link, ni del lucre cessant deixat d&#8217;obtenir pel client. Per aquest motiu, queda sota responsabilitat i la dilig\u00e8ncia deguda del client la contractaci\u00f3 de les p\u00f2lisses d&#8217;assegurances que entengui necess\u00e0ries per cobrir les situacions esmentades anteriorment. d) LINK s&#8217;obliga per temps indefinit a guardar secret i mantenir la m\u00e9s estricta confidencialitat sobre tota la informaci\u00f3, propietat del Client, a qu\u00e8 tingui acc\u00e9s com a conseq\u00fc\u00e8ncia d&#8217;aquest contracte. e) LINK sense el consentiment expr\u00e9s previ del Client, s&#8217;abstindr\u00e0 d&#8217;efectuar cap activitat ja es tracti de reproducci\u00f3, \u00fas, conservaci\u00f3, modificaci\u00f3 o de qualsevol altra \u00edndole, amb la informaci\u00f3 rebuda, propietat del Client, per a finalitats diferents de l&#8217;estricte compliment de aquest contracte. f) En cap cas no podran accedir tercers a les dades, propietat del client, a qu\u00e8 LINK tingui acc\u00e9s, sense el consentiment expr\u00e9s del Client. g) Fora del que es disposa anteriorment, la responsabilitat de LINK pels danys imputables directament a la prestaci\u00f3 de servei contractada es limitar\u00e0 al preu quota inicial en concepte d&#8217;alta i quotes equivalents al per\u00edode d&#8217;un any. h) En qualsevol cas, l&#8217;usuari accepta que el servei contractat constitueix una eina destinada a complementar, per\u00f2 no a substituir la tasca humana, per aix\u00f2 \u00e9s obligaci\u00f3 de l&#8217;usuari fer un mostreig sobre els resultats obtinguts amb l&#8217;\u00fas de l&#8217;aplicaci\u00f3. En cas que l&#8217;usuari detect\u00e9s algun error ho haur\u00e0 de comunicar a la companyia LINK qui ho solucionar\u00e0 de forma gratu\u00efta per a aquells clients que tinguin subscrit el contracte de manteniment. El Cliente ser\u00e1 el \u00fanico responsable del buen funcionamiento de sus equipos y sistemas, no pudiendo imputar a LINK ninguna responsabilidad por estos.\n<\/p>\n<p>\n<b>SISENA.- MODIFICACI\u00d3 DELS TERMES I LES CONDICIONS. <\/b>\nLINK es reserva el dret de modificar en qualsevol moment els termes, i les condicions d&#8217;aquest Contracte o les pol\u00edtiques incloses relacionades amb el Servei; aquestes modificacions entraran en vigor una vegada publicada al servidor la versi\u00f3 actualitzada del contracte. El Client \u00e9s responsable de revisar peri\u00f2dicament el contingut d&#8217;aquest contracte, aix\u00ed com la p\u00e0gina www.myreportin.com per tal de con\u00e8ixer les darreres novetats del servei. L&#8217;acceptaci\u00f3 que es fa necess\u00e0ria en el proc\u00e9s d&#8217;activaci\u00f3 de les claus dels usuaris, constitueix el consentiment i acceptaci\u00f3 del client a les cl\u00e0usules recollides en aquest contracte.\n<\/p>\n<p>\n<b>SETENA &#8211; PROTECCI\u00d3 DE DADES PERSONALS.<\/b>\n<ol class=\"listaUpper\">\n<p>\n \t<\/p><li><b>TRACTAMENT DE DADES DE CAR\u00c0CTER PERSONAL LINK SOLUCIONS.<\/b> A la p\u00e0gina de www.Linksoluciones.com, es recull la pol\u00edtica de privadesa de la companyia. Als efectes de la Llei Org\u00e0nica de Protecci\u00f3 de Dades 15\/1999 (d&#8217;ara endavant, LOPD), LINK com a responsable del fitxer, us informa que les dades de car\u00e0cter personal incloses a la factura, aix\u00ed com qualssevol altres que siguin facilitades a all\u00f2 llarg de la relaci\u00f3 comercial que vost\u00e8 tingui, s&#8217;integraran en un fitxer automatitzat de la seva propietat i seran utilitzats per a la gesti\u00f3 adequada dels serveis sol\u00b7licitats, els cobraments i pagaments, la promoci\u00f3 dels serveis de LinkSoluciones, tal com s&#8217;especifica a la Pol\u00edtica de privadesa. Aix\u00ed mateix, \u00e9s possible que LINK realitzi estudis de satisfacci\u00f3 i de mercat. L\u201facceptaci\u00f3 d\u201faquest contracte suposar\u00e0 la prestaci\u00f3 del consentiment perqu\u00e8 la Companyia pugui tractar les dades amb les finalitats descrites anteriorment. Aix\u00ed mateix, els interessats podran exercir els drets reconeguts a la LOPD (acc\u00e9s, rectificaci\u00f3, cancel\u00b7laci\u00f3 o oposici\u00f3), mitjan\u00e7ant escrit on s&#8217;identifiqui davant Link Soluciones Inform\u00e1ticas , SA, situat al carrer Doctor Juan Dom\u00ednguez Perez, 18, de 35008 Las Palmas de Gran Can\u00e0ria.<\/li>\n<p>\n \t<\/p><li><b>TRACTAMENT DE DADES DE CAR\u00c0CTER PERSONAL DEL CLIENT.<\/b> L&#8217;aplicaci\u00f3 permet al client crear la base de dades i introduir documents i informaci\u00f3 pr\u00f2pia, que pertanyen i s\u00f3n responsabilitat exclusiva del client. LINK com a prove\u00efdor de serveis de l&#8217;aplicaci\u00f3, t\u00e9 l&#8217;obligaci\u00f3 de complir les obligacions previstes d&#8217;acord amb la LOPD i el r\u00e8gim legal vigent en la mat\u00e8ria. A aquests efectes i en compliment del que disposa l&#8217;article 12 de la LOPD, LINK i el client han d&#8217;acordar el compliment de les obligacions referents a l&#8217;acc\u00e9s a dades de car\u00e0cter personal, en aquest sentit, LINK expressament manifesta i s&#8217;obliga a: (I) Utilitzar ia tractar les dades amb l&#8217;\u00fanic i exclusiu objecte de complir aquest Contracte i seguint en tot cas les instruccions rebudes del client. Expressament s&#8217;abstindr\u00e0 de donar a les dades qualsevol \u00fas diferent de l&#8217;acordat i, en especial, s&#8217;abstindr\u00e0 d&#8217;alterar-les, utilitzar-les per al seu propi inter\u00e8s empresarial o comunicar-les o permetre l&#8217;acc\u00e9s de tercers a aquestes, ni tan sols per conservar-les. Excepte en el cas de subcontractaci\u00f3 de serveis. LINK mant\u00e9 subcontractats part dels serveis amb el Prove\u00efdor d&#8217;Aplicaci\u00f3 d&#8217;Internet amb qui mant\u00e9 subscrit el contracte d&#8217;acc\u00e9s a dades corresponent. (II) Observar la m\u00e0xima confidencialitat i reserva respecte de les dades de car\u00e0cter personal que li siguin facilitades pel client pel que fa al desenvolupament de l&#8217;objecte del present Contracte, comprometent-se a no revelar a cap tercera persona aquesta informaci\u00f3 o dades que se li haguessin facilitat . (III) Si se sol\u00b7licita expressament tornar al client, una vegada conclosa la prestaci\u00f3 de serveis objecte del present Contracte, tots els documents i arxius en qu\u00e8 es trobin reflectits totes o alguna de les dades, sigui quin sigui el seu suport o format, aix\u00ed com les c\u00f2pies dels mateixos. (IV) Restringir l&#8217;acc\u00e9s i l&#8217;\u00fas de les dades a aquells dels seus empleats, agents i col\u00b7laboradors que sigui absolutament imprescindible que en tinguin acc\u00e9s i coneixement per al desenvolupament de l&#8217;objecte d&#8217;aquest Contracte. (V) Adoptar les mesures de seguretat de protecci\u00f3 de les dades que corresponguin al nivell de seguretat necessari en funci\u00f3 dels fitxers o dades a qu\u00e8 LINK tingui acc\u00e9s, en compliment del Reial Decret 1720\/2007 de 21 de desembre (RLOPD). La aceptaci\u00f3n de este contrato supondr\u00e1 la conformidad respecto a estas condiciones, consider\u00e1ndose celebrado el contrato de acceso a datos a que obliga el Art. 12 LOPD, entre el responsable del fichero y el encargado del tratamiento (el proveedor con acceso a datos).<\/li>\n<\/ol>\n\n<p>\n<b>VUITENA &#8211; RESPONSABILITAT DEL CLIENT.<\/b>\n<\/p><ol class=\"listaLower\">\n \t<li>Manteniment de la instal\u00b7laci\u00f3. El Client realitzar\u00e0 i mantindr\u00e0 una instal\u00b7laci\u00f3 el\u00e8ctrica correcta per a l&#8217;alimentaci\u00f3 de l&#8217;equip.<\/li>\n \t<li>Evoluci\u00f3 tecnol\u00f2gica. Les aplicacions de LINK es dissenyaran de manera que funcionin amb els darrers requeriments tecnol\u00f2gics de maquinari, programari i comunicacions majorit\u00e0riament acceptats pel mercat com a est\u00e0ndards, per la qual cosa el Client ha de mantenir la seva instal\u00b7laci\u00f3 adaptada a l&#8217;evoluci\u00f3 tecnol\u00f2gica dels sistemes inform\u00e0tics: Noves versions de sistemes operatius, requeriments de maquinari, actualitzaci\u00f3 d&#8217;aplicacions de programari d&#8217;altres fabricants relacionades amb el funcionament de les aplicacions de LINK, ample de banda a Internet, etc.<\/li>\n \t<li>El client ser\u00e0 responsable de totes les activitats realitzades amb els vostres comptes d&#8217;usuari i amb la seva utilitzaci\u00f3. Per aquest motiu, el client ser\u00e0 l&#8217;\u00fanic responsable de l&#8217;exactitud, la qualitat, la integritat, legalitat i fiabilitat de les seves dades, aix\u00ed com de la propietat intel\u00b7lectual o el dret d&#8217;utilitzar-les, i LINK no ser\u00e0 en cap cas responsable de l&#8217;eliminaci\u00f3, correcci\u00f3, destrucci\u00f3, els danys ni la p\u00e8rdua de les dades del client ni que aquestes dades no hagin estat guardades. Un cop finalitzat el contracte LINK posar\u00e0 a disposici\u00f3 del Client un arxiu de dades del mateix durant els 30 dies seg\u00fcents a la terminaci\u00f3, nom\u00e9s si el Client aix\u00ed ho ha manifestat en el moment en qu\u00e8 tingui lloc la finalitzaci\u00f3. Un cop rescindit el contracte a causa d&#8217;un motiu justificat, el Client perdr\u00e0 immediatament el dret a accedir a les dades del mateix ia utilitzar-los. LINK no tindr\u00e0 l&#8217;obligaci\u00f3 de conservar ni enviar aquestes dades, i les podr\u00e0 destruir si en el termini de 12 mesos des de la finalitzaci\u00f3 del present contracte el Client no les sol\u00b7licita. LINK es reserva el dret de retenir, suprimir i\/o descartar les Dades del client sense av\u00eds previ si es produeix algun incompliment per part del mateix, inclosa sense limitaci\u00f3, la manca de pagament.<\/li>\n<\/ol>\n\n<p>\n<b>NOVENA.- PREU I FORMA DE PAGAMENT.<\/b>\n<\/p><ol class=\"listaLower\">\n \t<li>El preu del servei de manteniment contractat \u00e9s l&#8217;especificat a la factura corresponent. Aquest pagament ser\u00e0 efectuat en la forma de pagament i en els per\u00edodes indicats a la factura.<\/li>\n \t<li>Aquest preu ser\u00e0 actualitzat anualment per adaptar-se a les exig\u00e8ncies del mercat i del seu cost. A l&#8217;hora d&#8217;actualitzar el preu del consum no es prendr\u00e0 com a refer\u00e8ncia la variaci\u00f3 a l&#8217;\u00edndex de Preus al consumidor (IPC), sin\u00f3 que es tindr\u00e0 en compte modificacions al mercat com ara canvis a l&#8217;al\u00e7a en els preus dels prove\u00efdors tecnol\u00f2gics de Link Solucions.<\/li>\n \t<li>En cas de procedir el CLIENT a la devoluci\u00f3 del rebut domiciliat carregat al seu compte pr\u00e8via autoritzaci\u00f3 per al cobrament de la factura emesa per part de LINK, els costos derivats de la devoluci\u00f3 del rebut em\u00e8s seran assumits per compte exclusiu del CLIENT sumant-li aquest cost a limport del venciment pendent.<\/li>\n \t<li>Si el CLIENT ha tornat l&#8217;any en curs 3 o m\u00e9s rebuts domiciliats, LINK procedir\u00e0 a establir un rec\u00e0rrec per despesa de devoluci\u00f3 equivalent a duplicar el cost d&#8217;un rebut retornat.<\/li>\n<\/ol>\n\n<p>\n<b>DESENA.- DURADA DEL CONTRACTE, RENOVACI\u00d3 I SUSPENSI\u00d3.<\/b>\n\nLa durada de la vig\u00e8ncia del contracte estar\u00e0 lligada a la perman\u00e8ncia dels serveis de manteniment. Aquest contracte t\u00e9 validesa mentre romangui activa la subscripci\u00f3 dels Serveis de Manteniment segons la durada i modalitat contractada, que s&#8217;ha definit a la comanda i\/o factura.\n\nLes renovacions s\u00f3n autom\u00e0tiques sempre que no hi hagi un preav\u00eds de baixa fefaent amb un termini m\u00ednim d&#8217;antelaci\u00f3 de trenta (30) dies naturals per qualsevol de les parts.\n\nEn cas d&#8217;impagament de qualsevol termini o quota emesa per Link Soluciones a c\u00e0rrec del CLIENT, Link Soluciones quedar\u00e0 facultada per suspendre el servei contractat sense necessitat de cap comunicaci\u00f3 pr\u00e8via, fins que el CLIENT aboni els imports pendents. Per tant, durant el temps que duri la situaci\u00f3 d&#8217;impagament, Link Soluciones no estar\u00e0 obligada a prestar el servei contractat.\n\nEn el cas de recisi\u00f3 del contracte per part del CLIENT, l&#8217;acc\u00e9s a la informaci\u00f3 i \u00fas de l&#8217;aplicaci\u00f3 \u00e9s responsabilitat directa del CLIENT, i en cap cas no \u00e9s responsable Link Solucions dels problemes o errors que es puguin generar una vegada finalitzada la relaci\u00f3 contractual.\n<\/p>\n<p>\n<b>ONZENA.- EXTINCI\u00d3 DEL CONTRACTE.<\/b>\nEste contrato se extinguir\u00e1 por las causas generales establecidas por la Ley y en especial, por incumplimiento de las obligaciones contempladas en el mismo.\n<\/p>\n<p>\n<b>DEUDECIMA.- COMPETENCIA JURISDICCIONAL.<\/b>\nPara cualquier divergencia surgida del presente contrato, ambas partes se someten a los Juzgados y Tribunales del domicilio de Link Soluciones con renuncia a su propio fuero, si \u00e9ste fuese otro.\n<\/p>\n<p>\n<b>TRETZENA.- DISPOSICI\u00d3 DEROGAT\u00d2RIA.<\/b>\nLes presents Condicions Generals deroguen el que disposa qualsevol altre document subscrit entre el client i LINK, referent al servei de manteniment contractat.\n<\/p>\n<\/div>\t\t\t\t\t\t\t\t<\/div>\n\t\t\t\t<\/div>\n\t\t\t\t\t<\/div>\n\t\t\t\t<\/div>\n\t\t\t\t<\/div>\n\t\t","protected":false},"excerpt":{"rendered":"<p>Condicions particulars del contracte per a servei myReport! PRIMERA.- QUALIFICACI\u00d3 JUR\u00cdDICA I OBJECTE. Pel present contracte el client contracta a LINK SOLUCIONES INFORM\u00c0TIQUES, SL (d&#8217;ara endavant LINK) perqu\u00e8 realitzi la prestaci\u00f3 dels serveis que es relacionen a la cl\u00e0usula tercera i que s&#8217;especifiquen a la factura corresponent. LINK atorga al client el dret no exclusiu, &hellip;<\/p>\n<p class=\"read-more\"> <a class=\"\" href=\"https:\/\/www.myreportin.com\/ca\/termes-i-condicions-generals-de-contractacio\/\"> <span class=\"screen-reader-text\">Termes i condicions generals de contractaci\u00f3<\/span> Llegeix m\u00e9s &raquo;<\/a><\/p>\n","protected":false},"author":1,"featured_media":0,"parent":0,"menu_order":0,"comment_status":"closed","ping_status":"closed","template":"","meta":{"site-sidebar-layout":"no-sidebar","site-content-layout":"","ast-site-content-layout":"full-width-container","site-content-style":"default","site-sidebar-style":"default","ast-global-header-display":"","ast-banner-title-visibility":"","ast-main-header-display":"","ast-hfb-above-header-display":"","ast-hfb-below-header-display":"","ast-hfb-mobile-header-display":"","site-post-title":"disabled","ast-breadcrumbs-content":"","ast-featured-img":"disabled","footer-sml-layout":"","theme-transparent-header-meta":"","adv-header-id-meta":"","stick-header-meta":"","header-above-stick-meta":"","header-main-stick-meta":"","header-below-stick-meta":"","astra-migrate-meta-layouts":"","footnotes":""},"class_list":["post-1478","page","type-page","status-publish","hentry"],"_links":{"self":[{"href":"https:\/\/www.myreportin.com\/ca\/wp-json\/wp\/v2\/pages\/1478","targetHints":{"allow":["GET"]}}],"collection":[{"href":"https:\/\/www.myreportin.com\/ca\/wp-json\/wp\/v2\/pages"}],"about":[{"href":"https:\/\/www.myreportin.com\/ca\/wp-json\/wp\/v2\/types\/page"}],"author":[{"embeddable":true,"href":"https:\/\/www.myreportin.com\/ca\/wp-json\/wp\/v2\/users\/1"}],"replies":[{"embeddable":true,"href":"https:\/\/www.myreportin.com\/ca\/wp-json\/wp\/v2\/comments?post=1478"}],"version-history":[{"count":4,"href":"https:\/\/www.myreportin.com\/ca\/wp-json\/wp\/v2\/pages\/1478\/revisions"}],"predecessor-version":[{"id":3028,"href":"https:\/\/www.myreportin.com\/ca\/wp-json\/wp\/v2\/pages\/1478\/revisions\/3028"}],"wp:attachment":[{"href":"https:\/\/www.myreportin.com\/ca\/wp-json\/wp\/v2\/media?parent=1478"}],"curies":[{"name":"wp","href":"https:\/\/api.w.org\/{rel}","templated":true}]}}