{"id":1505,"date":"2023-10-09T04:51:04","date_gmt":"2023-10-09T04:51:04","guid":{"rendered":"https:\/\/www.myreportin.com\/politica-de-cookies\/"},"modified":"2023-12-11T12:12:14","modified_gmt":"2023-12-11T12:12:14","slug":"politica-de-cookies","status":"publish","type":"page","link":"https:\/\/www.myreportin.com\/ca\/politica-de-cookies\/","title":{"rendered":"Pol\u00edtica de cookies"},"content":{"rendered":"\t\t<div data-elementor-type=\"wp-page\" data-elementor-id=\"1505\" class=\"elementor elementor-1505 elementor-135\" data-elementor-post-type=\"page\">\n\t\t\t\t\t\t<section class=\"elementor-section elementor-top-section elementor-element elementor-element-0654081 elementor-section-boxed elementor-section-height-default elementor-section-height-default\" data-id=\"0654081\" data-element_type=\"section\">\n\t\t\t\t\t\t<div class=\"elementor-container elementor-column-gap-default\">\n\t\t\t\t\t<div class=\"elementor-column elementor-col-100 elementor-top-column elementor-element elementor-element-5c6e31f\" data-id=\"5c6e31f\" data-element_type=\"column\">\n\t\t\t<div class=\"elementor-widget-wrap elementor-element-populated\">\n\t\t\t\t\t\t<div class=\"elementor-element elementor-element-6168a27 elementor-widget elementor-widget-heading\" data-id=\"6168a27\" data-element_type=\"widget\" data-widget_type=\"heading.default\">\n\t\t\t\t<div class=\"elementor-widget-container\">\n\t\t\t\t\t<h2 class=\"elementor-heading-title elementor-size-default\">Pol\u00edtica de cookies<\/h2>\t\t\t\t<\/div>\n\t\t\t\t<\/div>\n\t\t\t\t<div class=\"elementor-element elementor-element-4949c8e elementor-widget elementor-widget-text-editor\" data-id=\"4949c8e\" data-element_type=\"widget\" data-widget_type=\"text-editor.default\">\n\t\t\t\t<div class=\"elementor-widget-container\">\n\t\t\t\t\t\t\t\t\t<p>A la web <strong>myReport!n<\/strong> utilitzem cookies per facilitar la relaci\u00f3 dels visitants amb el nostre contingut i per permetre elaborar estad\u00edstiques sobre les visitants que rebem.<\/p>\n<p>En compliment de la Directiva 2009\/136\/CE, desenvolupada en el nostre ordenament per l&#8217;apartat segon de l&#8217;article 22 de la Llei de Serveis de Societat de la Informaci\u00f3, seguint les directrius de l&#8217;Ag\u00e8ncia Espanyola de Protecci\u00f3 de Dades, us informarem detalladament del \u00fas que es realitza a la nostra web.<\/p>\n<p>S&#8217;anomenen cookies a uns petits fitxers que es graven al navegador utilitzat per cada visitant de la nostra web perqu\u00e8 el servidor pugui recordar la visita d&#8217;aquest usuari amb posterioritat quan torni a accedir als nostres continguts. Aquesta informaci\u00f3 no revela la seva identitat, ni dada personal, ni accedeix al contingut emmagatzemat al seu pc, per\u00f2 s\u00ed que permet al nostre sistema identificar-vos com un usuari determinat que ja va visitar la web amb anterioritat, va visualitzar determinades p\u00e0gines, etc. ia m\u00e9s permet guardar les seves prefer\u00e8ncies personals i informaci\u00f3 t\u00e8cnica com ara les visites realitzades o p\u00e0gines concretes que visiti.<\/p>\n<p>La finalitat de les galetes \u00e9s la de facilitar a l&#8217;Usuari un acc\u00e9s m\u00e9s r\u00e0pid als Serveis seleccionats.<\/p>\n<p>Si no voleu que es guardin cookies al vostre navegador o prefereix rebre una informaci\u00f3 cada vegada que una galeta sol\u00b7liciti instal\u00b7lar-se, podeu configurar les vostres opcions de navegaci\u00f3 perqu\u00e8 es faci d&#8217;aquesta manera. La major part dels navegadors permeten la gesti\u00f3 de les galetes de 3 formes diferents:<\/p>\n<ul>\n<li>les galetes s\u00f3n sempre rebutjades;<\/li>\n<li>el navegador pregunta si l&#8217;usuari vol instal\u00b7lar cada galeta;<\/li>\n<li>les galetes s\u00f3n sempre acceptades;<\/li>\n<\/ul>\n<p>El vostre navegador tamb\u00e9 pot incloure la possibilitat de seleccionar amb detall les cookies que voleu que s&#8217;instal\u00b7lin al vostre ordinador. En concret, l&#8217;usuari pot normalment acceptar alguna de les opcions seg\u00fcents:<\/p>\n<ul>\n<li>rebutjar les galetes de determinats dominis;<\/li>\n<li>rebutjar les galetes de tercers;<\/li>\n<li>acceptar cookies com a no persistents (s&#8217;eliminen quan el navegador es tanca);<\/li>\n<li>permetre al servidor crear galetes per a un domini diferent.<\/li>\n<\/ul>\n<p>Per permetre, con\u00e8ixer, bloquejar o eliminar les cookies instal\u00b7lades al vostre equip podeu fer-ho mitjan\u00e7ant la configuraci\u00f3 de les opcions del navegador instal\u00b7lat al vostre ordinador.<\/p>\n<p>Podeu trobar informaci\u00f3 sobre com configurar els navegadors m\u00e9s utilitzats a les seg\u00fcents ubicacions:<\/p>\n<ul>\n<li><strong>Internet Explorer:<\/strong> Eines -&gt; Opcions d&#8217;Internet -&gt; Privadesa -&gt; Configuraci\u00f3. Per a m\u00e9s informaci\u00f3, podeu consultar el suport de Microsoft o l&#8217;Ajuda del navegador.<\/li>\n<li><strong>Firefox:<\/strong> Eines -&gt; Opcions -&gt; Privadesa -&gt; Historial -&gt; Configuraci\u00f3 Personalitzada. Per a m\u00e9s informaci\u00f3, podeu consultar el suport de Mozilla o l&#8217;Ajuda del navegador.<\/li>\n<li><strong>Chrome:<\/strong> Configuraci\u00f3 -&gt; Mostrar opcions avan\u00e7ades -&gt; Privadesa -&gt; Configuraci\u00f3 de contingut. Per a m\u00e9s informaci\u00f3, podeu consultar el suport de Google o l&#8217;Ajuda del navegador.<\/li>\n<li><strong>Safari:<\/strong> Prefer\u00e8ncies -&gt; Seguretat. Per a m\u00e9s informaci\u00f3, podeu consultar el suport d&#8217;Apple o l&#8217;Ajuda del navegador.<\/li>\n<\/ul>\n<p>Respecte de les cookies de tercers, \u00e9s a dir aquelles que s\u00f3n alienes al nostre lloc web, no podem fer-nos responsables del contingut i veracitat de les pol\u00edtiques de privadesa que ells inclouen pel que la informaci\u00f3 que us oferim \u00e9s sempre amb refer\u00e8ncia a la font.<\/p>\n<p>A continuaci\u00f3 us informem detalladament de les cookies que es poden instal\u00b7lar des del nostre lloc web. En funci\u00f3 de la vostra navegaci\u00f3 podreu instal\u00b7lar-ne totes o nom\u00e9s algunes.<\/p>\n<div id=\"sppb-addon-wrapper-1526983572\" class=\"sppb-addon-wrapper\">\n<div id=\"sppb-addon-1526983572\" class=\"clearfix \">\n<div class=\"sppb-addon sppb-addon-text-block sppb-text-left \">\n<div class=\"sppb-addon-content\">\n<table id=\"cookiesPropias\" border=\"0\" cellspacing=\"0\" cellpadding=\"0\">\n<thead>\n<tr>\n<th class=\"cabecera1\" style=\"text-align: center;\" colspan=\"3\">Cookies pr\u00f2pies o estrictament necess\u00e0ries<\/th>\n<\/tr>\n<tr>\n<th class=\"cabecera2\">Cookie<\/th>\n<th class=\"cabecera2\">Informaci\u00f3(*)<\/th>\n<th class=\"cabecera2\">Finalitat<\/th>\n<\/tr>\n<\/thead>\n<tbody>\n<tr>\n<td>Estrictament necess\u00e0ries<\/td>\n<td>Sessi\u00f3 i registre<\/td>\n<td>\n<p>Gesti\u00f3 del registre<\/p>\n<p>Prestar serveis de la societat de la informaci\u00f3 sol\u00b7licitats per l&#8217;usuari i d&#8217;acord amb els termes i les condicions aplicables.<\/p>\n<\/td>\n<\/tr>\n<\/tbody>\n<\/table>\n<table id=\"cookiesTerceros\" style=\"text-align: center;\" border=\"0\" cellspacing=\"0\" cellpadding=\"0\">\n<thead>\n<tr>\n<th class=\"cabecera1\" colspan=\"5\">Galetes de tercers<\/th>\n<\/tr>\n<tr>\n<th class=\"cabecera2\" colspan=\"2\">Cookie<\/th>\n<th class=\"cabecera2\">Informaci\u00f3(*)<\/th>\n<th class=\"cabecera2\">Finalitat<\/th>\n<th class=\"cabecera2\">Opt-Out<\/th>\n<\/tr>\n<\/thead>\n<tbody>\n<tr>\n<td>Anal\u00edtiques<\/td>\n<td>Google Analytics<\/td>\n<td>Estad\u00edstiques de nombre de visites a p\u00e0gines, temps de navegaci\u00f3, tipus de navegador, estad\u00edstiques de navegaci\u00f3, redireccions, motors de cerca, sites referits, etc.<\/td>\n<td>Recopilar i unificar en informes estad\u00edstics sobre el tr\u00e0nsit de cada lloc, audi\u00e8ncia total, visites a p\u00e0gines concretes, seguiment de clics sobre determinades parts del lloc, etc.<\/td>\n<td><a href=\"https:\/\/tools.google.com\/dlpage\/gaoptout\" target=\"_blank\" rel=\"noopener\">https:\/\/tools.google.com\/dlpage\/gaoptout<\/a><\/td>\n<\/tr>\n<\/tbody>\n<\/table>\n<div id=\"asterisco\">(*) La informaci\u00f3 obtinguda a trav\u00e9s d&#8217;aquestes cookies, referida a l&#8217;equip de l&#8217;usuari podr\u00e0 ser combinada a les vostres dades personals nom\u00e9s si esteu registrat en aquest lloc web<\/div>\n<\/div>\n<\/div>\n<\/div>\n<\/div>\n<div id=\"sppb-addon-wrapper-1526983573\" class=\"sppb-addon-wrapper\">\n<div id=\"sppb-addon-1526983573\" class=\"clearfix \">\n<div class=\"sppb-empty-space clearfix\"> <\/div>\n<\/div>\n<\/div>\n<div id=\"sppb-addon-wrapper-1526983574\" class=\"sppb-addon-wrapper\">\n<div id=\"sppb-addon-1526983574\" class=\"clearfix \">\n<div class=\"sppb-addon sppb-addon-text-block sppb-text-left \">\n<div class=\"sppb-addon-content\">\n<p>Es pot modificar aquesta Pol\u00edtica de Cookies en funci\u00f3 d&#8217;exig\u00e8ncies legislatives, reglament\u00e0ries, o amb la finalitat d&#8217;adaptar aquesta pol\u00edtica a les instruccions dictades per l&#8217;Ag\u00e8ncia Espanyola de Protecci\u00f3 de Dades, per aix\u00f2 s&#8217;aconsella als usuaris que la visitin peri\u00f2dicament.<\/p>\n<p>Quan es produeixin canvis significatius en aquesta Pol\u00edtica de Cookies, es comunicaran als Usuaris b\u00e9 mitjan\u00e7ant la web o mitjan\u00e7ant correu electr\u00f2nic als Usuaris registrats.<\/p>\n<\/div>\n<\/div>\n<\/div>\n<\/div>\n\t\t\t\t\t\t\t\t<\/div>\n\t\t\t\t<\/div>\n\t\t\t\t\t<\/div>\n\t\t<\/div>\n\t\t\t\t\t<\/div>\n\t\t<\/section>\n\t\t\t\t<\/div>\n\t\t","protected":false},"excerpt":{"rendered":"<p>Pol\u00edtica de cookies A la web myReport!n utilitzem cookies per facilitar la relaci\u00f3 dels visitants amb el nostre contingut i per permetre elaborar estad\u00edstiques sobre les visitants que rebem. En compliment de la Directiva 2009\/136\/CE, desenvolupada en el nostre ordenament per l&#8217;apartat segon de l&#8217;article 22 de la Llei de Serveis de Societat de la &hellip;<\/p>\n<p class=\"read-more\"> <a class=\"\" href=\"https:\/\/www.myreportin.com\/ca\/politica-de-cookies\/\"> <span class=\"screen-reader-text\">Pol\u00edtica de cookies<\/span> Llegeix m\u00e9s &raquo;<\/a><\/p>\n","protected":false},"author":1,"featured_media":0,"parent":0,"menu_order":0,"comment_status":"closed","ping_status":"closed","template":"","meta":{"site-sidebar-layout":"no-sidebar","site-content-layout":"","ast-site-content-layout":"","site-content-style":"default","site-sidebar-style":"default","ast-global-header-display":"","ast-banner-title-visibility":"","ast-main-header-display":"","ast-hfb-above-header-display":"","ast-hfb-below-header-display":"","ast-hfb-mobile-header-display":"","site-post-title":"disabled","ast-breadcrumbs-content":"","ast-featured-img":"disabled","footer-sml-layout":"","theme-transparent-header-meta":"","adv-header-id-meta":"","stick-header-meta":"","header-above-stick-meta":"","header-main-stick-meta":"","header-below-stick-meta":"","astra-migrate-meta-layouts":"","footnotes":""},"class_list":["post-1505","page","type-page","status-publish","hentry"],"_links":{"self":[{"href":"https:\/\/www.myreportin.com\/ca\/wp-json\/wp\/v2\/pages\/1505","targetHints":{"allow":["GET"]}}],"collection":[{"href":"https:\/\/www.myreportin.com\/ca\/wp-json\/wp\/v2\/pages"}],"about":[{"href":"https:\/\/www.myreportin.com\/ca\/wp-json\/wp\/v2\/types\/page"}],"author":[{"embeddable":true,"href":"https:\/\/www.myreportin.com\/ca\/wp-json\/wp\/v2\/users\/1"}],"replies":[{"embeddable":true,"href":"https:\/\/www.myreportin.com\/ca\/wp-json\/wp\/v2\/comments?post=1505"}],"version-history":[{"count":3,"href":"https:\/\/www.myreportin.com\/ca\/wp-json\/wp\/v2\/pages\/1505\/revisions"}],"predecessor-version":[{"id":1508,"href":"https:\/\/www.myreportin.com\/ca\/wp-json\/wp\/v2\/pages\/1505\/revisions\/1508"}],"wp:attachment":[{"href":"https:\/\/www.myreportin.com\/ca\/wp-json\/wp\/v2\/media?parent=1505"}],"curies":[{"name":"wp","href":"https:\/\/api.w.org\/{rel}","templated":true}]}}