{"id":1523,"date":"2023-10-09T04:53:00","date_gmt":"2023-10-09T04:53:00","guid":{"rendered":"https:\/\/www.myreportin.com\/politica-de-privadesa\/"},"modified":"2024-06-27T11:58:47","modified_gmt":"2024-06-27T11:58:47","slug":"politica-de-privadesa","status":"publish","type":"page","link":"https:\/\/www.myreportin.com\/ca\/politica-de-privadesa\/","title":{"rendered":"Pol\u00edtica de privacitat"},"content":{"rendered":"\t\t<div data-elementor-type=\"wp-page\" data-elementor-id=\"1523\" class=\"elementor elementor-1523 elementor-141\" data-elementor-post-type=\"page\">\n\t\t\t\t\t\t<section class=\"elementor-section elementor-top-section elementor-element elementor-element-fde4ae2 elementor-section-boxed elementor-section-height-default elementor-section-height-default\" data-id=\"fde4ae2\" data-element_type=\"section\">\n\t\t\t\t\t\t<div class=\"elementor-container elementor-column-gap-default\">\n\t\t\t\t\t<div class=\"elementor-column elementor-col-100 elementor-top-column elementor-element elementor-element-0466fc8\" data-id=\"0466fc8\" data-element_type=\"column\">\n\t\t\t<div class=\"elementor-widget-wrap elementor-element-populated\">\n\t\t\t\t\t\t<div class=\"elementor-element elementor-element-c48ff47 elementor-widget elementor-widget-heading\" data-id=\"c48ff47\" data-element_type=\"widget\" data-widget_type=\"heading.default\">\n\t\t\t\t<div class=\"elementor-widget-container\">\n\t\t\t\t\t<h2 class=\"elementor-heading-title elementor-size-default\">Pol\u00edtica de privacitat<\/h2>\t\t\t\t<\/div>\n\t\t\t\t<\/div>\n\t\t\t\t<div class=\"elementor-element elementor-element-31fee9e elementor-widget elementor-widget-text-editor\" data-id=\"31fee9e\" data-element_type=\"widget\" data-widget_type=\"text-editor.default\">\n\t\t\t\t<div class=\"elementor-widget-container\">\n\t\t\t\t\t\t\t\t\t<p><strong>LINK SOLUCIONES INFORM\u00c1TICAS SL<\/strong> garanteix la protecci\u00f3 i confidencialitat de les dades personals, de qualsevol tipus que ens proporcionin les nostres empreses clients d&#8217;acord amb all\u00f2 que disposa el Reglament General de Protecci\u00f3 de Dades de Car\u00e0cter Personal.<\/p>\n<p>Totes les dades facilitades per les nostres empreses clients a <strong>LINK SOLUCIONES INFORM\u00c1TICAS SL<\/strong> o al seu personal, seran incloses en un fitxer automatitzat de dades de car\u00e0cter personal creat i mantingut sota la responsabilitat de <strong>LINK SOLUCIONES INFORM\u00c1TICAS SL<\/strong> , imprescindibles per prestar els serveis sol\u00b7licitats pels usuaris.<\/p>\n<p>Les dades facilitades seran tractades en els termes establerts al Reglament General de Protecci\u00f3 de Dades de Car\u00e0cter Personal <strong>.<\/strong> evitar la p\u00e8rdua, mal \u00fas, alteraci\u00f3, acc\u00e9s no autoritzat per tercers. Tot i aix\u00f2, l&#8217;usuari ha de ser conscient que les mesures de seguretat a Internet no s\u00f3n inexpugnables. En cas que consideri oport\u00fa que se cedeixin les dades de car\u00e0cter personal a altres entitats, l&#8217;usuari ser\u00e0 informat de les dades cedides, de la finalitat del fitxer i del nom i adre\u00e7a del cessionari, perqu\u00e8 del seu consentiment inequ\u00edvoc sobre aix\u00f2.<\/p>\n<p>En compliment del que estableix l&#8217;RGPD, l&#8217;usuari podr\u00e0 exercir els drets d&#8217;acc\u00e9s, rectificaci\u00f3, cancel\u00b7laci\u00f3\/supressi\u00f3, oposici\u00f3, limitaci\u00f3 o portabilitat. Per aix\u00f2 deu contactar amb nosaltres al C\/Dr. Juan Dom\u00ednguez P\u00e9rez, 18, Of. 1. 35018 Las Palmas de Gran Canaria.<\/p>\n<p><strong>Formularis de contacte<\/strong><\/p>\n<p>En virtut del que estableix el Reglament General de Protecci\u00f3 de Dades de Car\u00e0cter Personal, l&#8217;usuari que faciliti les seves dades al formulari, consenteix de forma expressa a LINK SOLUCIONES INFORM\u00c1TICAS SL el tractament de les seves dades personals a fi de realitzar facturaci\u00f3 i promoci\u00f3 de els serveis comercialitzats amb aquests, aix\u00ed com lautoritzaci\u00f3 a la comunicaci\u00f3 amb aquelles entitats respecte de les quals tingu\u00e9s concertat contracte de LINK SOLUCIONES INFORM\u00c1TICAS SL prestaci\u00f3 i promoci\u00f3 de serveis. Les dades s&#8217;inclouran en un fitxer automatitzat de LINK SOLUCIONES INFORM\u00c1TICAS SL que disposa de les mesures de seguretat necess\u00e0ries per a la seva confidencialitat i vost\u00e8 podr\u00e0 exercitar conforme a la llei els seus drets d&#8217;acc\u00e9s, rectificaci\u00f3, cancel\u00b7laci\u00f3\/supressi\u00f3, oposici\u00f3, limitaci\u00f3 o portabilitat, dirigint un escrit a LINK SOLUCIONES INFORM\u00c1TICAS SL, al C\/Dr. Juan Dominguez P\u00e9rez, 18 Of. 1, 35018 Las Palmas de Gran Canaria (Las Palmas)<\/p>\n<p>Addicionalment, aquest lloc web est\u00e0 protegit per ReCAPTCHA , la pol\u00edtica de privadesa i els termes de serveis de Google s&#8217;apliquen.<\/p>\t\t\t\t\t\t\t\t<\/div>\n\t\t\t\t<\/div>\n\t\t\t\t\t<\/div>\n\t\t<\/div>\n\t\t\t\t\t<\/div>\n\t\t<\/section>\n\t\t\t\t<\/div>\n\t\t","protected":false},"excerpt":{"rendered":"<p>Pol\u00edtica de privacitat LINK SOLUCIONES INFORM\u00c1TICAS SL garanteix la protecci\u00f3 i confidencialitat de les dades personals, de qualsevol tipus que ens proporcionin les nostres empreses clients d&#8217;acord amb all\u00f2 que disposa el Reglament General de Protecci\u00f3 de Dades de Car\u00e0cter Personal. Totes les dades facilitades per les nostres empreses clients a LINK SOLUCIONES INFORM\u00c1TICAS SL &hellip;<\/p>\n<p class=\"read-more\"> <a class=\"\" href=\"https:\/\/www.myreportin.com\/ca\/politica-de-privadesa\/\"> <span class=\"screen-reader-text\">Pol\u00edtica de privacitat<\/span> Llegeix m\u00e9s &raquo;<\/a><\/p>\n","protected":false},"author":1,"featured_media":0,"parent":0,"menu_order":0,"comment_status":"closed","ping_status":"closed","template":"","meta":{"site-sidebar-layout":"no-sidebar","site-content-layout":"","ast-site-content-layout":"full-width-container","site-content-style":"default","site-sidebar-style":"default","ast-global-header-display":"","ast-banner-title-visibility":"","ast-main-header-display":"","ast-hfb-above-header-display":"","ast-hfb-below-header-display":"","ast-hfb-mobile-header-display":"","site-post-title":"disabled","ast-breadcrumbs-content":"","ast-featured-img":"disabled","footer-sml-layout":"","theme-transparent-header-meta":"","adv-header-id-meta":"","stick-header-meta":"","header-above-stick-meta":"","header-main-stick-meta":"","header-below-stick-meta":"","astra-migrate-meta-layouts":"","footnotes":""},"class_list":["post-1523","page","type-page","status-publish","hentry"],"_links":{"self":[{"href":"https:\/\/www.myreportin.com\/ca\/wp-json\/wp\/v2\/pages\/1523","targetHints":{"allow":["GET"]}}],"collection":[{"href":"https:\/\/www.myreportin.com\/ca\/wp-json\/wp\/v2\/pages"}],"about":[{"href":"https:\/\/www.myreportin.com\/ca\/wp-json\/wp\/v2\/types\/page"}],"author":[{"embeddable":true,"href":"https:\/\/www.myreportin.com\/ca\/wp-json\/wp\/v2\/users\/1"}],"replies":[{"embeddable":true,"href":"https:\/\/www.myreportin.com\/ca\/wp-json\/wp\/v2\/comments?post=1523"}],"version-history":[{"count":6,"href":"https:\/\/www.myreportin.com\/ca\/wp-json\/wp\/v2\/pages\/1523\/revisions"}],"predecessor-version":[{"id":3023,"href":"https:\/\/www.myreportin.com\/ca\/wp-json\/wp\/v2\/pages\/1523\/revisions\/3023"}],"wp:attachment":[{"href":"https:\/\/www.myreportin.com\/ca\/wp-json\/wp\/v2\/media?parent=1523"}],"curies":[{"name":"wp","href":"https:\/\/api.w.org\/{rel}","templated":true}]}}