{"id":2912,"date":"2023-10-13T11:49:09","date_gmt":"2023-10-13T11:49:09","guid":{"rendered":"https:\/\/www.myreportin.com\/chi-siamo\/"},"modified":"2024-06-27T11:02:12","modified_gmt":"2024-06-27T11:02:12","slug":"chi-siamo","status":"publish","type":"page","link":"https:\/\/www.myreportin.com\/it\/chi-siamo\/","title":{"rendered":"chi-siamo"},"content":{"rendered":"\t\t<div data-elementor-type=\"wp-page\" data-elementor-id=\"2912\" class=\"elementor elementor-2912 elementor-732\" data-elementor-post-type=\"page\">\n\t\t\t\t<div class=\"elementor-element elementor-element-03a7cd3 e-con-full e-flex e-con e-parent\" data-id=\"03a7cd3\" data-element_type=\"container\" data-settings=\"{&quot;background_background&quot;:&quot;gradient&quot;}\">\n\t\t<div class=\"elementor-element elementor-element-a3ac136 e-con-full e-flex e-con e-child\" data-id=\"a3ac136\" data-element_type=\"container\">\n\t\t\t\t<div class=\"elementor-element elementor-element-ce7876d elementor-widget__width-initial elementor-widget elementor-widget-heading\" data-id=\"ce7876d\" data-element_type=\"widget\" data-widget_type=\"heading.default\">\n\t\t\t\t<div class=\"elementor-widget-container\">\n\t\t\t\t\t<h2 class=\"elementor-heading-title elementor-size-default\">Chi siamo<\/h2>\t\t\t\t<\/div>\n\t\t\t\t<\/div>\n\t\t\t\t<\/div>\n\t\t\t\t<\/div>\n\t\t<div class=\"elementor-element elementor-element-3dc4dbe e-flex e-con-boxed e-con e-parent\" data-id=\"3dc4dbe\" data-element_type=\"container\">\n\t\t\t\t\t<div class=\"e-con-inner\">\n\t\t\t\t<div class=\"elementor-element elementor-element-fb9af61 elementor-widget elementor-widget-text-editor\" data-id=\"fb9af61\" data-element_type=\"widget\" data-widget_type=\"text-editor.default\">\n\t\t\t\t<div class=\"elementor-widget-container\">\n\t\t\t\t\t\t\t\t\t<p>L&#8217;applicazione <strong>myReport!n<\/strong> \u00e8 stata sviluppata da <strong>Link Soluciones<\/strong>, un&#8217;azienda leader nel campo della tecnologia e dell&#8217;innovazione.<\/p>\n<p>Link Soluciones \u00e8 una societ\u00e0 <strong>di consulenza tecnologica<\/strong> <strong>completa<\/strong> e fornisce <strong>soluzioni software innovative<\/strong> per l&#8217;attivit\u00e0 professionale di studi di consulenza, studi, uffici di risorse umane, grandi aziende, PMI e liberi professionisti.<\/p>\n<p><strong>Distributore Premium e Partner di riferimento di Wolters Kluwer<\/strong> in Spagna, facilita l&#8217;accesso alla tecnologia ai clienti di tutta la Spagna, dai suoi uffici di Madrid, Gran Canaria e Tenerife.<\/p>\n<p>Per maggiori informazioni, visita il nostro <a href=\"https:\/\/www.linksoluciones.com\/\" target=\"_blank\" rel=\"noopener\">sito web<\/a>.<\/p>\n\t\t\t\t\t\t\t\t<\/div>\n\t\t\t\t<\/div>\n\t\t\t\t\t<\/div>\n\t\t\t\t<\/div>\n\t\t\t\t<\/div>\n\t\t","protected":false},"excerpt":{"rendered":"<p>Chi siamo L&#8217;applicazione myReport!n \u00e8 stata sviluppata da Link Soluciones, un&#8217;azienda leader nel campo della tecnologia e dell&#8217;innovazione. Link Soluciones \u00e8 una societ\u00e0 di consulenza tecnologica completa e fornisce soluzioni software innovative per l&#8217;attivit\u00e0 professionale di studi di consulenza, studi, uffici di risorse umane, grandi aziende, PMI e liberi professionisti. Distributore Premium e Partner di &hellip;<\/p>\n<p class=\"read-more\"> <a class=\"\" href=\"https:\/\/www.myreportin.com\/it\/chi-siamo\/\"> <span class=\"screen-reader-text\">chi-siamo<\/span> Leggi altro &raquo;<\/a><\/p>\n","protected":false},"author":1,"featured_media":0,"parent":0,"menu_order":0,"comment_status":"closed","ping_status":"closed","template":"","meta":{"site-sidebar-layout":"no-sidebar","site-content-layout":"","ast-site-content-layout":"full-width-container","site-content-style":"default","site-sidebar-style":"default","ast-global-header-display":"","ast-banner-title-visibility":"","ast-main-header-display":"","ast-hfb-above-header-display":"","ast-hfb-below-header-display":"","ast-hfb-mobile-header-display":"","site-post-title":"disabled","ast-breadcrumbs-content":"","ast-featured-img":"disabled","footer-sml-layout":"","theme-transparent-header-meta":"","adv-header-id-meta":"","stick-header-meta":"","header-above-stick-meta":"","header-main-stick-meta":"","header-below-stick-meta":"","astra-migrate-meta-layouts":"","footnotes":""},"class_list":["post-2912","page","type-page","status-publish","hentry"],"_links":{"self":[{"href":"https:\/\/www.myreportin.com\/it\/wp-json\/wp\/v2\/pages\/2912","targetHints":{"allow":["GET"]}}],"collection":[{"href":"https:\/\/www.myreportin.com\/it\/wp-json\/wp\/v2\/pages"}],"about":[{"href":"https:\/\/www.myreportin.com\/it\/wp-json\/wp\/v2\/types\/page"}],"author":[{"embeddable":true,"href":"https:\/\/www.myreportin.com\/it\/wp-json\/wp\/v2\/users\/1"}],"replies":[{"embeddable":true,"href":"https:\/\/www.myreportin.com\/it\/wp-json\/wp\/v2\/comments?post=2912"}],"version-history":[{"count":1,"href":"https:\/\/www.myreportin.com\/it\/wp-json\/wp\/v2\/pages\/2912\/revisions"}],"predecessor-version":[{"id":2913,"href":"https:\/\/www.myreportin.com\/it\/wp-json\/wp\/v2\/pages\/2912\/revisions\/2913"}],"wp:attachment":[{"href":"https:\/\/www.myreportin.com\/it\/wp-json\/wp\/v2\/media?parent=2912"}],"curies":[{"name":"wp","href":"https:\/\/api.w.org\/{rel}","templated":true}]}}