{"id":2995,"date":"2023-10-09T04:51:04","date_gmt":"2023-10-09T04:51:04","guid":{"rendered":"https:\/\/www.myreportin.com\/informativa-sui-cookie\/"},"modified":"2024-06-27T11:33:44","modified_gmt":"2024-06-27T11:33:44","slug":"informativa-sui-cookie","status":"publish","type":"page","link":"https:\/\/www.myreportin.com\/it\/informativa-sui-cookie\/","title":{"rendered":"Informativa sui cookie"},"content":{"rendered":"\t\t<div data-elementor-type=\"wp-page\" data-elementor-id=\"2995\" class=\"elementor elementor-2995 elementor-135\" data-elementor-post-type=\"page\">\n\t\t\t\t\t\t<section class=\"elementor-section elementor-top-section elementor-element elementor-element-0654081 elementor-section-boxed elementor-section-height-default elementor-section-height-default\" data-id=\"0654081\" data-element_type=\"section\">\n\t\t\t\t\t\t<div class=\"elementor-container elementor-column-gap-default\">\n\t\t\t\t\t<div class=\"elementor-column elementor-col-100 elementor-top-column elementor-element elementor-element-5c6e31f\" data-id=\"5c6e31f\" data-element_type=\"column\">\n\t\t\t<div class=\"elementor-widget-wrap elementor-element-populated\">\n\t\t\t\t\t\t<div class=\"elementor-element elementor-element-6168a27 elementor-widget elementor-widget-heading\" data-id=\"6168a27\" data-element_type=\"widget\" data-widget_type=\"heading.default\">\n\t\t\t\t<div class=\"elementor-widget-container\">\n\t\t\t\t\t<h2 class=\"elementor-heading-title elementor-size-default\">Informativa sui cookie<\/h2>\t\t\t\t<\/div>\n\t\t\t\t<\/div>\n\t\t\t\t<div class=\"elementor-element elementor-element-4949c8e elementor-widget elementor-widget-text-editor\" data-id=\"4949c8e\" data-element_type=\"widget\" data-widget_type=\"text-editor.default\">\n\t\t\t\t<div class=\"elementor-widget-container\">\n\t\t\t\t\t\t\t\t\t<p>Nel sito web di <strong>myReport!n <\/strong> utilizziamo i cookie per agevolare l&#8217;interazione dei visitatori con i nostri contenuti e per raccogliere statistiche sui visitatori.<\/p>\n<p>In conformit\u00e0 con la Direttiva 2009\/136\/CE, recepita nel nostro ordinamento dal secondo comma dell&#8217;articolo 22 della Legge sui Servizi della Societ\u00e0 dell&#8217;Informazione, seguendo le linee guida dell&#8217;Agenzia Spagnola per la Protezione dei Dati, procediamo a informarti dettagliatamente sull&#8217;utilizzo del nostro sito web.<\/p>\n<p>I cookie sono piccoli file che vengono registrati nel browser utilizzato da ciascun visitatore del nostro sito web, in modo che il server possa ricordare la visita dell&#8217;utente in un secondo momento, quando questi accede nuovamente ai nostri contenuti. Queste informazioni non rivelano la tua identit\u00e0 o i tuoi dati personali, n\u00e9 accedono ai contenuti memorizzati sul tuo computer, ma consentono al nostro sistema di identificarti come un utente specifico che ha gi\u00e0 visitato il sito web in passato, che ha visualizzato determinate pagine, ecc. e ci permettono di salvare le tue preferenze personali e le informazioni tecniche come le visite effettuate o le pagine specifiche visitate.<\/p>\n<p>Lo scopo dei cookie \u00e8 quello di fornire all&#8217;Utente un accesso pi\u00f9 rapido ai Servizi selezionati.<\/p>\n<p>Se non vuoi che i cookie vengano salvati nel tuo browser o preferisci ricevere informazioni ogni volta che un cookie richiede di essere installato, puoi configurare le tue opzioni di navigazione in modo che ci\u00f2 avvenga. La maggior parte dei browser consente di gestire i cookie in 3 modi diversi:<\/p>\n<ul>\n<li>i cookie vengono sempre rifiutati;<\/li>\n<li>il browser chiede se l&#8217;utente desidera installare ciascun cookie;<\/li>\n<li>I cookie sono sempre accettati;<\/li>\n<\/ul>\n<p>Il tuo browser pu\u00f2 anche includere la possibilit\u00e0 di selezionare in dettaglio i cookie che desideri vengano inseriti nel tuo computer. In particolare, l&#8217;utente pu\u00f2 normalmente accettare una delle seguenti opzioni:<\/p>\n<ul>\n<li>rifiutare i cookie di alcuni domini;<\/li>\n<li>rifiutare i cookie di terze parti;<\/li>\n<li>accettare i cookie come non persistenti (vengono eliminati quando il browser viene chiuso);<\/li>\n<li>permettono al server di creare cookie per un dominio diverso.<\/li>\n<\/ul>\n<p>Per consentire, conoscere, bloccare o eliminare i cookie installati sul tuo computer, puoi farlo configurando le opzioni del browser installato sul tuo computer.<\/p>\n<p>Le informazioni su come configurare i browser pi\u00f9 utilizzati sono disponibili nei seguenti punti:<\/p>\n<ul>\n<li><strong>Internet Explorer:<\/strong> Strumenti &gt;- Opzioni Internet &gt;- Privacy &gt; &#8211; Impostazioni. Per maggiori informazioni, puoi consultare l&#8217;assistenza Microsoft o la Guida del browser.<\/li>\n<li><strong>Firefox:<\/strong> Strumenti -&gt; Opzioni -&gt; Privacy -&gt; Storico -&gt; Configurazione Personalizzata. Per maggiori informazioni, puoi consultare l&#8217;assistenza Mozilla o la Guida del browser.<\/li>\n<li><strong>Chrome:<\/strong> Configurazione -&gt; Mostra opzioni avanzate -&gt; Privacy -&gt; Configurazione dei contenuti. Per maggiori informazioni, puoi consultare il supporto di Google o la Guida del browser.<\/li>\n<li><strong>Safari:<\/strong> Preferenze -&gt; Sicurezza. Per maggiori informazioni, puoi consultare il supporto Apple o l&#8217;Aiuto del browser.<\/li>\n<\/ul>\n<p>Per quanto riguarda i cookie di terze parti, ossia quelli esterni al nostro sito web, non possiamo essere ritenuti responsabili del contenuto e della veridicit\u00e0 delle politiche sulla privacy che essi includono, pertanto le informazioni che offriamo fanno sempre riferimento alla fonte.<\/p>\n<p>Di seguito ti informiamo in dettaglio sui cookie che possono essere installati dal nostro sito web. A seconda della navigazione, possono essere installati tutti o solo alcuni di essi.<\/p>\n<div id=\"sppb-addon-wrapper-1526983572\" class=\"sppb-addon-wrapper\">\n<div id=\"sppb-addon-1526983572\" class=\"clearfix \">\n<div class=\"sppb-addon sppb-addon-text-block sppb-text-left \">\n<div class=\"sppb-addon-content\">\n<table id=\"cookiesPropias\" border=\"0\" cellspacing=\"0\" cellpadding=\"0\">\n<thead>\n<tr>\n<th class=\"cabecera1\" style=\"text-align: center;\" colspan=\"3\">Cookie propri o strettamente necessari<\/th>\n<\/tr>\n<tr>\n<th class=\"cabecera2\">Cookie<\/th>\n<th class=\"cabecera2\">Informazioni(*)<\/th>\n<th class=\"cabecera2\">Scopo<\/th>\n<\/tr>\n<\/thead>\n<tbody>\n<tr>\n<td>Strettamente necessario<\/td>\n<td>Sessione e registrazione<\/td>\n<td>\n<p>Gestione della registrazione<\/p>\n<p>Per fornire i servizi della societ\u00e0 dell&#8217;informazione richiesti dall&#8217;utente e in conformit\u00e0 con i termini e le condizioni applicabili.<\/p>\n<\/td>\n<\/tr>\n<\/tbody>\n<\/table>\n<table id=\"cookiesTerceros\" style=\"text-align: center;\" border=\"0\" cellspacing=\"0\" cellpadding=\"0\">\n<thead>\n<tr>\n<th class=\"cabecera1\" colspan=\"5\">Cookie di terze parti<\/th>\n<\/tr>\n<tr>\n<th class=\"cabecera2\" colspan=\"2\">Cookie<\/th>\n<th class=\"cabecera2\">Informazioni(*)<\/th>\n<th class=\"cabecera2\">Scopo<\/th>\n<th class=\"cabecera2\">Opt-Out<\/th>\n<\/tr>\n<\/thead>\n<tbody>\n<tr>\n<td>Analisi<\/td>\n<td>Google Analytics<\/td>\n<td>Statistiche sul numero di pagine visitate, tempi di navigazione, tipi di browser, statistiche di navigazione, reindirizzamenti, motori di ricerca, siti di riferimento, ecc.<\/td>\n<td>Compila e unifica in rapporti statistici il traffico di ogni sito, il pubblico totale, le visite a pagine specifiche, il monitoraggio dei clic su determinate parti del sito, ecc.<\/td>\n<td><a href=\"https:\/\/tools.google.com\/dlpage\/gaoptout\" target=\"_blank\" rel=\"noopener\">https:\/\/tools.google.com\/dlpage\/gaoptout<\/a><\/td>\n<\/tr>\n<\/tbody>\n<\/table>\n<div id=\"asterisco\">(*) Le informazioni ottenute attraverso questi cookie, riferite al computer dell&#8217;utente, possono essere combinate con i dati personali dell&#8217;utente solo se quest&#8217;ultimo \u00e8 registrato su questo sito web.<\/div>\n<\/div>\n<\/div>\n<\/div>\n<\/div>\n<div id=\"sppb-addon-wrapper-1526983573\" class=\"sppb-addon-wrapper\">\n<div id=\"sppb-addon-1526983573\" class=\"clearfix \">\n<div class=\"sppb-empty-space clearfix\"> <\/div>\n<\/div>\n<\/div>\n<div id=\"sppb-addon-wrapper-1526983574\" class=\"sppb-addon-wrapper\">\n<div id=\"sppb-addon-1526983574\" class=\"clearfix \">\n<div class=\"sppb-addon sppb-addon-text-block sppb-text-left \">\n<div class=\"sppb-addon-content\">\n<p>La presente Politica sui Cookies pu\u00f2 essere modificata in base a requisiti legislativi o normativi, o con l&#8217;obiettivo di adattare tale politica alle istruzioni emesse dall&#8217;Agenzia Spagnola per la Protezione dei Dati, per cui si consiglia agli Utenti di visitarla periodicamente.<\/p>\n<p>In caso di modifiche significative alla presente Politica sui Cookies, queste saranno comunicate agli Utenti attraverso il sito web o via e-mail agli Utenti registrati.<\/p>\n<\/div>\n<\/div>\n<\/div>\n<\/div>\n\t\t\t\t\t\t\t\t<\/div>\n\t\t\t\t<\/div>\n\t\t\t\t\t<\/div>\n\t\t<\/div>\n\t\t\t\t\t<\/div>\n\t\t<\/section>\n\t\t\t\t<\/div>\n\t\t","protected":false},"excerpt":{"rendered":"<p>Informativa sui cookie Nel sito web di myReport!n utilizziamo i cookie per agevolare l&#8217;interazione dei visitatori con i nostri contenuti e per raccogliere statistiche sui visitatori. In conformit\u00e0 con la Direttiva 2009\/136\/CE, recepita nel nostro ordinamento dal secondo comma dell&#8217;articolo 22 della Legge sui Servizi della Societ\u00e0 dell&#8217;Informazione, seguendo le linee guida dell&#8217;Agenzia Spagnola per &hellip;<\/p>\n<p class=\"read-more\"> <a class=\"\" href=\"https:\/\/www.myreportin.com\/it\/informativa-sui-cookie\/\"> <span class=\"screen-reader-text\">Informativa sui cookie<\/span> Leggi altro &raquo;<\/a><\/p>\n","protected":false},"author":1,"featured_media":0,"parent":0,"menu_order":0,"comment_status":"closed","ping_status":"closed","template":"","meta":{"site-sidebar-layout":"no-sidebar","site-content-layout":"","ast-site-content-layout":"full-width-container","site-content-style":"default","site-sidebar-style":"default","ast-global-header-display":"","ast-banner-title-visibility":"","ast-main-header-display":"","ast-hfb-above-header-display":"","ast-hfb-below-header-display":"","ast-hfb-mobile-header-display":"","site-post-title":"disabled","ast-breadcrumbs-content":"","ast-featured-img":"disabled","footer-sml-layout":"","theme-transparent-header-meta":"","adv-header-id-meta":"","stick-header-meta":"","header-above-stick-meta":"","header-main-stick-meta":"","header-below-stick-meta":"","astra-migrate-meta-layouts":"","footnotes":""},"class_list":["post-2995","page","type-page","status-publish","hentry"],"_links":{"self":[{"href":"https:\/\/www.myreportin.com\/it\/wp-json\/wp\/v2\/pages\/2995","targetHints":{"allow":["GET"]}}],"collection":[{"href":"https:\/\/www.myreportin.com\/it\/wp-json\/wp\/v2\/pages"}],"about":[{"href":"https:\/\/www.myreportin.com\/it\/wp-json\/wp\/v2\/types\/page"}],"author":[{"embeddable":true,"href":"https:\/\/www.myreportin.com\/it\/wp-json\/wp\/v2\/users\/1"}],"replies":[{"embeddable":true,"href":"https:\/\/www.myreportin.com\/it\/wp-json\/wp\/v2\/comments?post=2995"}],"version-history":[{"count":1,"href":"https:\/\/www.myreportin.com\/it\/wp-json\/wp\/v2\/pages\/2995\/revisions"}],"predecessor-version":[{"id":2996,"href":"https:\/\/www.myreportin.com\/it\/wp-json\/wp\/v2\/pages\/2995\/revisions\/2996"}],"wp:attachment":[{"href":"https:\/\/www.myreportin.com\/it\/wp-json\/wp\/v2\/media?parent=2995"}],"curies":[{"name":"wp","href":"https:\/\/api.w.org\/{rel}","templated":true}]}}