{"id":3019,"date":"2023-10-09T04:53:00","date_gmt":"2023-10-09T04:53:00","guid":{"rendered":"https:\/\/www.myreportin.com\/informativa-sulla-privacy\/"},"modified":"2024-06-27T11:58:09","modified_gmt":"2024-06-27T11:58:09","slug":"informativa-sulla-privacy","status":"publish","type":"page","link":"https:\/\/www.myreportin.com\/it\/informativa-sulla-privacy\/","title":{"rendered":"Informativa sulla privacy"},"content":{"rendered":"\t\t<div data-elementor-type=\"wp-page\" data-elementor-id=\"3019\" class=\"elementor elementor-3019 elementor-141\" data-elementor-post-type=\"page\">\n\t\t\t\t\t\t<section class=\"elementor-section elementor-top-section elementor-element elementor-element-fde4ae2 elementor-section-boxed elementor-section-height-default elementor-section-height-default\" data-id=\"fde4ae2\" data-element_type=\"section\">\n\t\t\t\t\t\t<div class=\"elementor-container elementor-column-gap-default\">\n\t\t\t\t\t<div class=\"elementor-column elementor-col-100 elementor-top-column elementor-element elementor-element-0466fc8\" data-id=\"0466fc8\" data-element_type=\"column\">\n\t\t\t<div class=\"elementor-widget-wrap elementor-element-populated\">\n\t\t\t\t\t\t<div class=\"elementor-element elementor-element-c48ff47 elementor-widget elementor-widget-heading\" data-id=\"c48ff47\" data-element_type=\"widget\" data-widget_type=\"heading.default\">\n\t\t\t\t<div class=\"elementor-widget-container\">\n\t\t\t\t\t<h2 class=\"elementor-heading-title elementor-size-default\">Informativa sulla privacy<\/h2>\t\t\t\t<\/div>\n\t\t\t\t<\/div>\n\t\t\t\t<div class=\"elementor-element elementor-element-31fee9e elementor-widget elementor-widget-text-editor\" data-id=\"31fee9e\" data-element_type=\"widget\" data-widget_type=\"text-editor.default\">\n\t\t\t\t<div class=\"elementor-widget-container\">\n\t\t\t\t\t\t\t\t\t<p><strong>LINK SOLUCIONES INFORM\u00c1TICAS SL<\/strong> garantisce la protezione e la riservatezza dei dati personali di qualsiasi tipo forniti dai nostri clienti in conformit\u00e0 con le disposizioni del Regolamento Generale sulla Protezione dei Dati Personali.<\/p>\n<p>Tutti i dati forniti dalle aziende clienti a <strong>LINK SOLUCIONES INFORM\u00c1TICAS SL<\/strong> o al suo personale, saranno inseriti in un archivio automatizzato di dati personali creato e mantenuto sotto la responsabilit\u00e0 di <strong>LINK SOLUCIONES INFORM\u00c1TICAS SL<\/strong>, indispensabile per fornire i servizi richiesti dagli utenti.<\/p>\n<p>I dati forniti saranno trattati secondo i termini stabiliti dal Regolamento Generale sulla Protezione dei Dati Personali, in questo senso <strong>LINK SOLUCIONES INFORM\u00c1TICAS SL<\/strong> ha adottato i livelli di protezione richiesti dalla legge, e ha installato tutte le misure tecniche a sua disposizione per prevenire la perdita, l&#8217;abuso, l&#8217;alterazione, l&#8217;accesso non autorizzato da parte di terzi. Tuttavia, l&#8217;utente deve essere consapevole che le misure di sicurezza su Internet non sono inespugnabili. Nel caso in cui ritenga opportuno che i suoi dati personali siano trasferiti ad altre entit\u00e0, l&#8217;utente sar\u00e0 informato dei dati trasferiti, dello scopo del file e del nome e dell&#8217;indirizzo del cessionario, in modo che possa dare il suo consenso inequivocabile a questo proposito.<\/p>\n<p>In conformit\u00e0 alle disposizioni del RGPD, gli utenti possono esercitare i diritti di accesso, rettifica, cancellazione, opposizione, limitazione o portabilit\u00e0. Per farlo, devi contattarci all&#8217;indirizzo C\/Dr. Juan Dom\u00ednguez P\u00e9rez, 18, Of. 1. 35018 Las Palmas de Gran Canaria.<\/p>\n<p><strong>Moduli di contatto<\/strong><\/p>\n<p>In base alle disposizioni del Regolamento Generale sulla Protezione dei Dati Personali, l&#8217;utente che fornisce i propri dati nel modulo, acconsente espressamente a LINK SOLUCIONES INFORM\u00c1TICAS SL il trattamento dei dati personali al fine di eseguire la fatturazione e la promozione dei servizi commercializzati con loro, cos\u00ec come l&#8217;autorizzazione alla comunicazione con quei soggetti rispetto ai quali ha stipulato il contratto LINK SOLUCIONES INFORM\u00c1TICAS SL di fornitura e promozione dei servizi. I dati saranno inseriti in un archivio automatizzato di LINK SOLUCIONES INFORM\u00c1TICAS SL che dispone delle necessarie misure di sicurezza per la riservatezza e potrai esercitare i tuoi diritti di accesso, rettifica, cancellazione\/cancellazione, opposizione, limitazione o portabilit\u00e0 in conformit\u00e0 alla legge, scrivendo a LINK SOLUCIONES INFORM\u00c1TICAS SL, in C\/Dr. Juan Dominguez P\u00e9rez, 18 Of. 1, 35018 Las Palmas de Gran Canaria (Las Palmas)<\/p>\n<p>Inoltre, questo sito web \u00e8 protetto da ReCAPTCHA, si applicano le norme sulla privacy e i termini di servizio di Google.<\/p>\t\t\t\t\t\t\t\t<\/div>\n\t\t\t\t<\/div>\n\t\t\t\t\t<\/div>\n\t\t<\/div>\n\t\t\t\t\t<\/div>\n\t\t<\/section>\n\t\t\t\t<\/div>\n\t\t","protected":false},"excerpt":{"rendered":"<p>Informativa sulla privacy LINK SOLUCIONES INFORM\u00c1TICAS SL garantisce la protezione e la riservatezza dei dati personali di qualsiasi tipo forniti dai nostri clienti in conformit\u00e0 con le disposizioni del Regolamento Generale sulla Protezione dei Dati Personali. Tutti i dati forniti dalle aziende clienti a LINK SOLUCIONES INFORM\u00c1TICAS SL o al suo personale, saranno inseriti in &hellip;<\/p>\n<p class=\"read-more\"> <a class=\"\" href=\"https:\/\/www.myreportin.com\/it\/informativa-sulla-privacy\/\"> <span class=\"screen-reader-text\">Informativa sulla privacy<\/span> Leggi altro &raquo;<\/a><\/p>\n","protected":false},"author":1,"featured_media":0,"parent":0,"menu_order":0,"comment_status":"closed","ping_status":"closed","template":"","meta":{"site-sidebar-layout":"no-sidebar","site-content-layout":"","ast-site-content-layout":"full-width-container","site-content-style":"default","site-sidebar-style":"default","ast-global-header-display":"","ast-banner-title-visibility":"","ast-main-header-display":"","ast-hfb-above-header-display":"","ast-hfb-below-header-display":"","ast-hfb-mobile-header-display":"","site-post-title":"disabled","ast-breadcrumbs-content":"","ast-featured-img":"disabled","footer-sml-layout":"","theme-transparent-header-meta":"","adv-header-id-meta":"","stick-header-meta":"","header-above-stick-meta":"","header-main-stick-meta":"","header-below-stick-meta":"","astra-migrate-meta-layouts":"","footnotes":""},"class_list":["post-3019","page","type-page","status-publish","hentry"],"_links":{"self":[{"href":"https:\/\/www.myreportin.com\/it\/wp-json\/wp\/v2\/pages\/3019","targetHints":{"allow":["GET"]}}],"collection":[{"href":"https:\/\/www.myreportin.com\/it\/wp-json\/wp\/v2\/pages"}],"about":[{"href":"https:\/\/www.myreportin.com\/it\/wp-json\/wp\/v2\/types\/page"}],"author":[{"embeddable":true,"href":"https:\/\/www.myreportin.com\/it\/wp-json\/wp\/v2\/users\/1"}],"replies":[{"embeddable":true,"href":"https:\/\/www.myreportin.com\/it\/wp-json\/wp\/v2\/comments?post=3019"}],"version-history":[{"count":1,"href":"https:\/\/www.myreportin.com\/it\/wp-json\/wp\/v2\/pages\/3019\/revisions"}],"predecessor-version":[{"id":3020,"href":"https:\/\/www.myreportin.com\/it\/wp-json\/wp\/v2\/pages\/3019\/revisions\/3020"}],"wp:attachment":[{"href":"https:\/\/www.myreportin.com\/it\/wp-json\/wp\/v2\/media?parent=3019"}],"curies":[{"name":"wp","href":"https:\/\/api.w.org\/{rel}","templated":true}]}}