{"id":3026,"date":"2023-10-09T04:53:55","date_gmt":"2023-10-09T04:53:55","guid":{"rendered":"https:\/\/www.myreportin.com\/condizioni-generali-di-contratto\/"},"modified":"2024-06-27T11:59:38","modified_gmt":"2024-06-27T11:59:38","slug":"condizioni-generali-di-contratto","status":"publish","type":"page","link":"https:\/\/www.myreportin.com\/it\/condizioni-generali-di-contratto\/","title":{"rendered":"Condizioni generali di contratto"},"content":{"rendered":"\t\t<div data-elementor-type=\"wp-page\" data-elementor-id=\"3026\" class=\"elementor elementor-3026 elementor-146\" data-elementor-post-type=\"page\">\n\t\t\t\t<div class=\"elementor-element elementor-element-58376a2 e-flex e-con-boxed e-con e-parent\" data-id=\"58376a2\" data-element_type=\"container\">\n\t\t\t\t\t<div class=\"e-con-inner\">\n\t\t\t\t<div class=\"elementor-element elementor-element-9e374df elementor-widget elementor-widget-heading\" data-id=\"9e374df\" data-element_type=\"widget\" data-widget_type=\"heading.default\">\n\t\t\t\t<div class=\"elementor-widget-container\">\n\t\t\t\t\t<h2 class=\"elementor-heading-title elementor-size-default\">Condizioni speciali di contratto per il servizio myReport!n<\/h2>\t\t\t\t<\/div>\n\t\t\t\t<\/div>\n\t\t\t\t<div class=\"elementor-element elementor-element-3a7b7fc elementor-widget elementor-widget-text-editor\" data-id=\"3a7b7fc\" data-element_type=\"widget\" data-widget_type=\"text-editor.default\">\n\t\t\t\t<div class=\"elementor-widget-container\">\n\t\t\t\t\t\t\t\t\t<div>\n<p>\n<b>PRIMO.- QUALIFICAZIONE GIURIDICA E OGGETTO.<\/b>\nCon il presente contratto il cliente incarica LINK SOLUCIONES INFORM\u00c1TICAS, S.L (di seguito LINK) di fornire i servizi elencati nella terza clausola e specificati nella relativa fattura. LINK concede al cliente il diritto non esclusivo e non trasferibile di utilizzare il Servizio e di eseguirne gli scopi in conformit\u00e0 ai termini e alle condizioni del presente Contratto. Tutti i diritti non esplicitamente concessi all&#8217;utente sono riservati a WKE e ai suoi licenziatari.\n<\/p>\n<p>\n<b>SECONDO: DEFINIZIONI.<\/b>\nApplication Service Provider, fornisce la possibilit\u00e0 di utilizzare un&#8217;applicazione web esclusivamente tramite Internet. Applicazione web: Qualsiasi sequenza di istruzioni o indicazioni destinate a essere utilizzate, direttamente o indirettamente, in un sistema informatico per svolgere una funzione o un compito o per ottenere un risultato specifico, indipendentemente dalla loro forma di espressione e fissazione. L&#8217;interfaccia \u00e8 un browser web e l&#8217;esecuzione avviene presso l&#8217;Application Service Provider. Dati del cliente \/ Database: Raccolta di dati organizzati in modo sistematico o metodico e accessibili individualmente solo dal cliente tramite l&#8217;applicazione web. Usuario: Persona que tiene derecho a utilizar el programa por estar autorizada para ello exclusivamente a trav\u00e9s de Internet, utilizando un navegador Web.\n<\/p>\n<p>\n<b>TERZO. &#8211; CONTENUTO DEL SERVIZIO.<\/b>\nIl servizio comprender\u00e0:\n<\/p><ol class=\"listaLower\">\n \t<li>L&#8217;accesso tramite Internet alle applicazioni, utilizzando un browser in modo non esclusivo e non trasferibile, utilizzando una password per ogni utente; tali password saranno fornite da LINK.<\/li>\n \t<li>Modifica dei moduli necessari per adattare l&#8217;applicazione web ai requisiti legali della normativa vigente in Spagna &#8211; Accesso al servizio post-vendita, sempre durante l&#8217;orario di lavoro,<\/li>\n \t<li>Backup: &#8211; Attivo: Link ha una politica di backup che gestisce con il suo provider di servizi di hosting. La frequenza delle copie di backup \u00e8 di una copia ogni ora e il periodo di conservazione pu\u00f2 variare a seconda del tipo di servizio stipulato. Il cliente ricever\u00e0, a titolo puramente informativo, il testo dei nuovi sviluppi legislativi relativi al programma contrattato e un breve riassunto del contenuto degli stessi, utilizzando esclusivamente la posta elettronica come canale di comunicazione a tale scopo. LINK non \u00e8 responsabile delle informazioni fornite, in quanto gli unici testi legalmente validi sono quelli pubblicati nelle Gazzette ufficiali e nei giornali.<\/li>\n<\/ol>\n\n<p>\n<b>QUARTO &#8211; DESCRIZIONE E CONDIZIONI DI ACCESSO AL SERVIZIO.<\/b>\n<\/p><ol class=\"listaLower\">\n \t<li>Condizioni di accesso: il cliente ricever\u00e0, per ogni utente che ha stipulato il contratto, un codice e una password per utilizzare l&#8217;applicazione esclusivamente tramite Internet. Inoltre, il cliente ricever\u00e0 un codice e una password aggiuntivi per gestire i dati del suo account cliente, come l&#8217;assegnazione dei diritti di accesso agli utenti, la visualizzazione dei registri di accesso, ecc.<\/li>\n \t<li>Gli utenti possono, attraverso l&#8217;applicazione web, elaborare tutti i dati forniti in conformit\u00e0 con le clausole di cui sopra, potendo effettuare tutti i calcoli e i processi relativi al presente contratto.<\/li>\n \t<li>L&#8217;utente non pu\u00f2 concedere in licenza, sublicenziare, vendere, rivendere, trasferire, assegnare, distribuire, sfruttare commercialmente o rendere altrimenti disponibile il Servizio o il Contenuto a terzi.<\/li>\n \t<li>Il cliente non pu\u00f2 modificare il servizio o il contenuto o creare opere derivate da esso.<\/li>\n \t<li>L&#8217;Utente non \u00e8 autorizzato a creare &#8220;link&#8221; al Servizio su Internet, n\u00e9 a &#8220;adattare&#8221; o &#8220;copiare&#8221; contenuti su altri server o dispositivi wireless o basati su Internet. \u00c8 inoltre vietato eseguire reverse engineering o accedere al Servizio per creare un prodotto o servizio concorrente, o sviluppare un prodotto utilizzando idee, caratteristiche, funzioni o grafiche simili a quelle del Servizio.<\/li>\n \t<li>I codici utente non possono essere condivisi o utilizzati da pi\u00f9 di un singolo Utente alla volta, ma in alcune occasioni possono essere riassegnati a nuovi Utenti che sostituiscono precedenti Utenti che hanno lasciato il loro posto di lavoro o la cui categoria o funzione \u00e8 cambiata e che non utilizzano pi\u00f9 il Servizio.<\/li>\n \t<li>Il database fornito dal cliente e i successivi dati inseriti dal cliente tramite l&#8217;applicazione web LINK appartengono esclusivamente al cliente. Saranno registrati e conservati su un server gestito da LINK, secondo i suoi documenti pubblici: Security Policy e Data Privacy.<\/li>\n<\/ol>\n\n<p>\n<b>QUINTO.- GARANZIA, RESPONSABILIT\u00c0 CIVILE E RISERVATEZZA. <\/b>\nPer la fornitura di servizi relativi alla sola APPLICAZIONE in modalit\u00e0 cloud, Link Soluciones Inform\u00e1ticas si avvale del fornitore di servizi di hosting certificato ISO 27001, Amazon AWS, i cui server si trovano all&#8217;interno dello Spazio Economico Europeo. Link Soluciones Inform\u00e1ticas potr\u00e0 informare delle modifiche apportate ai Fornitori attraverso mezzi di comunicazione elettronici o attraverso il proprio sito web. La piattaforma AWS dispone di certificazioni e servizi AWS CSA STAR e ISO. AWS \u00e8 certificata in conformit\u00e0 alle norme ISO\/IEC 27001:2013, 27017:2015, 27018:2019, 27701:2019, 22301:2019, 9001:2015 e CSA STAR CCM v4.0.\nTuttavia, nonostante l&#8217;applicazione del sistema di qualit\u00e0, il servizio di applicazione web fornito tramite Internet pu\u00f2 essere soggetto a circostanze casuali, tra cui: &#8211; malfunzionamenti dell&#8217;infrastruttura del server, della rete Internet e di altri programmi installati sul computer del cliente da cui si connette al servizio &#8211; errori di calcolo o altri errori impossibili da rilevare in condizioni normali di simulazione dell&#8217;applicazione web.\n&#8211; Di errori inclusi nelle regole pubblicate nel B.O.E., su cui si basa la funzionalit\u00e0 di questo programma Link. Tali errori possono anche essere causati dal gran numero di casistiche diverse che possono verificarsi e dalla necessit\u00e0 del Cliente di utilizzare immediatamente il servizio, per cui non c&#8217;\u00e8 abbastanza tempo tra la pubblicazione dello standard e la sua incorporazione nelle nuove versioni per testare tutte le possibilit\u00e0 o casistiche. Link garantisce la correzione gratuita, per i clienti che hanno sottoscritto il presente contratto di servizio, di tutti quegli errori che possono essere dimostrati in modo affidabile e che le vengono comunicati. Le correzioni saranno incorporate automaticamente e quindi rese disponibili ai clienti nell&#8217;applicazione web. b) LINK non sar\u00e0 responsabile dell&#8217;alterazione della velocit\u00e0 e della qualit\u00e0 delle comunicazioni. c) In ogni caso, Link non sar\u00e0 responsabile per eventuali danni o perdite non imputabili esclusivamente a Link, n\u00e9 per eventuali perdite di profitto non ottenute dal cliente. Per questo motivo, \u00e8 responsabilit\u00e0 e diligenza del cliente stipulare le polizze assicurative che ritiene necessarie per coprire le situazioni sopra citate. d) LINK \u00e8 obbligata per un periodo di tempo indefinito a mantenere il segreto e la pi\u00f9 stretta riservatezza su tutte le informazioni, di propriet\u00e0 del Cliente, a cui ha accesso in conseguenza del presente contratto. e) LINK, senza il previo consenso espresso del Cliente, si asterr\u00e0 dal compiere qualsiasi attivit\u00e0 di riproduzione, utilizzo, conservazione, modifica o di qualsiasi altro tipo, con le informazioni ricevute, di propriet\u00e0 del Cliente, per scopi diversi dallo stretto adempimento del presente contratto. f) In nessun caso terzi possono accedere ai dati di propriet\u00e0 del Cliente, a cui LINK ha accesso, senza il consenso esplicito del Cliente. g) Oltre a quanto sopra, la responsabilit\u00e0 di LINK per i danni direttamente attribuibili al servizio contrattato sar\u00e0 limitata al prezzo della quota di registrazione iniziale e alle tariffe equivalenti al periodo di un anno. h) In ogni caso, l&#8217;utente accetta che il servizio oggetto del contratto costituisce uno strumento destinato a integrare, ma non a sostituire il lavoro umano, e per questo motivo \u00e8 obbligo dell&#8217;utente effettuare una campionatura dei risultati ottenuti con l&#8217;uso dell&#8217;applicazione. Nel caso in cui l&#8217;utente rilevi un errore, deve informare la societ\u00e0 LINK che provveder\u00e0 a risolverlo gratuitamente per i clienti che hanno sottoscritto il contratto di manutenzione. Il Cliente \u00e8 l&#8217;unico responsabile del corretto funzionamento delle sue apparecchiature e dei suoi sistemi e LINK non potr\u00e0 essere ritenuta responsabile per essi.\n<\/p>\n<p>\n<b>SESTO.- MODIFICA DEI TERMINI E DELLE CONDIZIONI. <\/b>\nLINK si riserva il diritto di modificare in qualsiasi momento i termini e le condizioni del presente Contratto o le politiche contenute nel presente Contratto relative al Servizio; tali modifiche saranno efficaci al momento della pubblicazione della versione aggiornata del Contratto sul server. Il Cliente \u00e8 tenuto a consultare periodicamente il contenuto del presente contratto, nonch\u00e9 il sito web www.myreportin.com, al fine di essere a conoscenza degli ultimi sviluppi del servizio. L&#8217;accettazione necessaria nel processo di attivazione delle password dell&#8217;utente costituisce il consenso e l&#8217;accettazione delle clausole contenute nel presente contratto da parte del Cliente.\n<\/p>\n<p>\n<b>SETTIMO &#8211; PROTEZIONE DEI DATI PERSONALI.<\/b>\n<ol class=\"listaUpper\">\n<p>\n \t<\/p><li><b>TRATTAMENTO DEI DATI PERSONALI LINK SOLUCIONES.<\/b> L&#8217;informativa sulla privacy dell&#8217;azienda \u00e8 disponibile sul sito web www.linksoluciones.com. A los efectos de la Ley Org\u00e1nica de Protecci\u00f3n de Datos 15\/1999 (en adelante, LOPD), LINK como responsable del fichero, le informa de que los datos de car\u00e1cter personal incluidos en la factura, as\u00ed como cualesquiera otros que sean facilitados a lo largo de la relaci\u00f3n comercial que Vd. tenga, se integrar\u00e1n en un fichero automatizado de su propiedad y ser\u00e1n utilizados para la gesti\u00f3n adecuada de los servicios solicitados, los cobros y pagos, la promoci\u00f3n de los servicios de LinkSoluciones, tal y como se especifica en la Pol\u00edtica de privacidad. LINK pu\u00f2 anche effettuare indagini di soddisfazione e di mercato. L&#8217;accettazione del presente contratto costituisce il consenso al trattamento dei dati da parte della Societ\u00e0 per le finalit\u00e0 sopra descritte. Allo stesso modo, gli interessati possono esercitare i diritti riconosciuti dalla LOPD (accesso, rettifica, cancellazione o opposizione), scrivendo a Link Soluciones Inform\u00e1ticas, S.A., con sede in Calle Doctor Juan Dom\u00ednguez Perez, 18, 35008 Las Palmas de Gran Canaria.<\/li>\n<p>\n \t<\/p><li><b>TRATTAMENTO DEI DATI PERSONALI DEI CLIENTI.<\/b> L&#8217;applicazione consente al cliente di creare il proprio database e di inserire i propri documenti e le proprie informazioni, che appartengono e sono di esclusiva responsabilit\u00e0 del cliente. LINK, in qualit\u00e0 di fornitore di servizi dell&#8217;applicazione, \u00e8 tenuta a rispettare gli obblighi previsti dalla LOPD e dalla normativa vigente in materia. A tal fine e in conformit\u00e0 alle disposizioni dell&#8217;articolo 12 della LOPD, LINK e il cliente devono concordare di rispettare gli obblighi relativi all&#8217;accesso ai dati personali; in tal senso, LINK dichiara espressamente e si impegna a: (I) utilizzare e trattare i dati al solo ed esclusivo scopo di adempiere al presente Contratto e di seguire in ogni caso le istruzioni ricevute dal cliente. Si asterr\u00e0 espressamente dall&#8217;utilizzare i dati per un uso diverso da quello concordato e, in particolare, si asterr\u00e0 dall&#8217;alterarli, dall&#8217;utilizzarli per i propri interessi commerciali o dal comunicarli o consentirne l&#8217;accesso a terzi, nemmeno a scopo di archiviazione. Tranne nel caso di subappalto di servizi. LINK ha subappaltato parte dei servizi all&#8217;Internet Application Provider con il quale ha sottoscritto il relativo contratto di accesso ai dati. (II) osservare la massima riservatezza e confidenzialit\u00e0 in merito ai dati personali forniti dal cliente in relazione allo sviluppo dell&#8217;oggetto del presente Contratto, impegnandosi a non divulgare a terzi tali informazioni o dati eventualmente forniti. (III) Se viene espressamente richiesto di restituire al cliente, una volta conclusa la fornitura dei servizi oggetto del presente Contratto, tutti i documenti e i file in cui si riflettono tutti o alcuni dei dati, indipendentemente dal loro supporto o formato, nonch\u00e9 le copie degli stessi. (IV) Limitare l&#8217;accesso e l&#8217;utilizzo dei dati ai propri dipendenti, agenti e collaboratori per i quali \u00e8 assolutamente indispensabile l&#8217;accesso e la conoscenza dei dati per l&#8217;esecuzione dell&#8217;oggetto del presente contratto. (V) Adottare misure di sicurezza per la protezione dei dati che corrispondano al livello di sicurezza richiesto a seconda degli archivi o dei dati a cui LINK ha accesso, in conformit\u00e0 con il Decreto Reale 1720\/2007 del 21 dicembre (RLOPD). L&#8217;accettazione del presente contratto implica che il titolare del trattamento e il responsabile del trattamento (il fornitore che ha accesso ai dati) accettano le presenti condizioni e il contratto di accesso ai dati richiesto dall&#8217;art. 12 LOPD si considera stipulato.<\/li>\n<\/ol>\n\n<p>\n<b>OTTAVO &#8211; RESPONSABILIT\u00c0 DEL CLIENTE.<\/b>\n<\/p><ol class=\"listaLower\">\n \t<li>Manutenzione dell&#8217;impianto. Il Cliente dovr\u00e0 realizzare e mantenere una corretta installazione elettrica per l&#8217;alimentazione dell&#8217;apparecchiatura.<\/li>\n \t<li>Sviluppi tecnologici. Le applicazioni LINK saranno progettate per funzionare con i pi\u00f9 recenti requisiti tecnologici di hardware, software e comunicazioni, per lo pi\u00f9 accettati dal mercato come standard, pertanto il Cliente dovr\u00e0 mantenere la propria installazione adeguata all&#8217;evoluzione tecnologica dei sistemi informatici: nuove versioni dei sistemi operativi, requisiti hardware, aggiornamento delle applicazioni software di altri produttori relative al funzionamento delle applicazioni LINK, larghezza di banda su Internet, ecc.<\/li>\n \t<li>Il cliente sar\u00e0 responsabile di tutte le attivit\u00e0 svolte con i suoi account utente e del loro utilizzo. Per questo motivo, il cliente \u00e8 l&#8217;unico responsabile della correttezza, della qualit\u00e0, della completezza, della legalit\u00e0 e dell&#8217;affidabilit\u00e0 dei suoi dati, nonch\u00e9 della propriet\u00e0 intellettuale o del diritto di utilizzo degli stessi, e LINK non \u00e8 in alcun modo responsabile per la cancellazione, la correzione, la distruzione, il danneggiamento o la perdita dei dati del cliente o per il fatto che tali dati non siano stati salvati. Dopo la risoluzione del contratto LINK metter\u00e0 a disposizione del Cliente un file di dati del contratto per 30 giorni dopo la risoluzione, solo se il Cliente lo ha dichiarato al momento della risoluzione. In caso di risoluzione del contratto per giusta causa, il Cliente perder\u00e0 immediatamente il diritto di accedere e utilizzare i dati del Cliente. LINK non avr\u00e0 alcun obbligo di conservare o trasmettere tali dati e potr\u00e0 distruggerli se non richiesti dal Cliente entro 12 mesi dalla cessazione del presente contratto. LINK si riserva il diritto di trattenere, cancellare e\/o eliminare i Dati del Cliente senza preavviso in caso di qualsiasi violazione da parte del Cliente, inclusi, a titolo esemplificativo, i mancati pagamenti.<\/li>\n<\/ol>\n\n<p>\n<b>NONO &#8211; PREZZO E FORMA DI PAGAMENTO.<\/b>\n<\/p><ol class=\"listaLower\">\n \t<li>Il prezzo del servizio di manutenzione contrattato \u00e8 quello specificato nella fattura corrispondente. Tale pagamento sar\u00e0 effettuato nella forma e nei termini indicati nella fattura.<\/li>\n \t<li>Questo prezzo sar\u00e0 aggiornato annualmente per adattarsi alle esigenze e ai costi del mercato. Nell&#8217;aggiornamento del prezzo al consumo, la variazione dell&#8217;indice dei prezzi al consumo (CPI) non sar\u00e0 presa come riferimento, ma terr\u00e0 conto dei cambiamenti del mercato, come ad esempio le variazioni al rialzo dei prezzi dei fornitori di tecnologia di Link Soluciones.<\/li>\n \t<li>Nel caso in cui il CLIENTE proceda alla restituzione della fattura con addebito diretto addebitata sul proprio conto dopo l&#8217;autorizzazione all&#8217;incasso della fattura emessa da LINK, i costi derivanti dalla restituzione della fattura emessa saranno esclusivamente a carico del CLIENTE, aggiungendo tale costo all&#8217;importo della scadenza insoluta.<\/li>\n \t<li>Se il CLIENTE ha restituito 3 o pi\u00f9 bollette con addebito diretto nell&#8217;anno in corso, LINK proceder\u00e0 a stabilire un sovrapprezzo per le spese di restituzione equivalente al doppio del costo di una bolletta restituita.<\/li>\n<\/ol>\n\n<p>\n<b>DECIMO &#8211; DURATA DEL CONTRATTO, RINNOVO E SOSPENSIONE.<\/b>\n\nLa durata del contratto sar\u00e0 legata alla permanenza dei servizi di manutenzione. Il presente contratto \u00e8 valido fintanto che l&#8217;abbonamento ai Servizi di manutenzione rimane attivo secondo la durata e le modalit\u00e0 contrattuali, definite nell&#8217;ordine e\/o nella fattura.\n\nI rinnovi saranno automatici in assenza di un preavviso di almeno trenta (30) giorni di calendario da parte di una delle parti.\n\nIn caso di mancato pagamento di una rata o di una rata emessa da Link Soluciones a carico del CLIENTE, Link Soluciones sar\u00e0 autorizzata a sospendere il servizio contrattato senza necessit\u00e0 di alcun preavviso, fino a quando il CLIENTE non pagher\u00e0 gli importi arretrati. Pertanto, per tutta la durata della situazione di mancato pagamento, Link Soluciones non sar\u00e0 obbligata a fornire il servizio contrattato.\n\nIn caso di risoluzione del contratto da parte del CLIENTE, l&#8217;accesso alle informazioni e l&#8217;utilizzo dell&#8217;applicazione sono di diretta responsabilit\u00e0 del CLIENTE, e Link Soluciones non sar\u00e0 in alcun caso responsabile di eventuali problemi o errori che potrebbero sorgere una volta terminato il rapporto contrattuale.\n<\/p>\n<p>\n<b>UNDICESIMO.- RISOLUZIONE DEL CONTRATTO.<\/b>\nIl presente contratto sar\u00e0 risolto per le cause generali stabilite dalla Legge e, in particolare, per la violazione degli obblighi contemplati nel presente documento.\n<\/p>\n<p>\n<b>DIECI.- COMPETENZA GIURISDIZIONALE.<\/b>\nPer qualsiasi divergenza derivante dal presente contratto, entrambe le parti si sottopongono alle Corti e ai Tribunali del domicilio di Link Soluciones, rinunciando alla propria giurisdizione, se diversa.\n<\/p>\n<p>\n<b>TREDICESIMA &#8211; DISPOSIZIONE DEROGATORIA.<\/b>\nI presenti Termini e Condizioni Generali sostituiscono le disposizioni di qualsiasi altro documento sottoscritto tra il cliente e LINK, relativo al servizio di manutenzione oggetto del contratto.\n<\/p>\n<\/div>\t\t\t\t\t\t\t\t<\/div>\n\t\t\t\t<\/div>\n\t\t\t\t\t<\/div>\n\t\t\t\t<\/div>\n\t\t\t\t<\/div>\n\t\t","protected":false},"excerpt":{"rendered":"<p>Condizioni speciali di contratto per il servizio myReport!n PRIMO.- QUALIFICAZIONE GIURIDICA E OGGETTO. Con il presente contratto il cliente incarica LINK SOLUCIONES INFORM\u00c1TICAS, S.L (di seguito LINK) di fornire i servizi elencati nella terza clausola e specificati nella relativa fattura. LINK concede al cliente il diritto non esclusivo e non trasferibile di utilizzare il Servizio &hellip;<\/p>\n<p class=\"read-more\"> <a class=\"\" href=\"https:\/\/www.myreportin.com\/it\/condizioni-generali-di-contratto\/\"> <span class=\"screen-reader-text\">Condizioni generali di contratto<\/span> Leggi altro &raquo;<\/a><\/p>\n","protected":false},"author":1,"featured_media":0,"parent":0,"menu_order":0,"comment_status":"closed","ping_status":"closed","template":"","meta":{"site-sidebar-layout":"no-sidebar","site-content-layout":"","ast-site-content-layout":"full-width-container","site-content-style":"default","site-sidebar-style":"default","ast-global-header-display":"","ast-banner-title-visibility":"","ast-main-header-display":"","ast-hfb-above-header-display":"","ast-hfb-below-header-display":"","ast-hfb-mobile-header-display":"","site-post-title":"disabled","ast-breadcrumbs-content":"","ast-featured-img":"disabled","footer-sml-layout":"","theme-transparent-header-meta":"","adv-header-id-meta":"","stick-header-meta":"","header-above-stick-meta":"","header-main-stick-meta":"","header-below-stick-meta":"","astra-migrate-meta-layouts":"","footnotes":""},"class_list":["post-3026","page","type-page","status-publish","hentry"],"_links":{"self":[{"href":"https:\/\/www.myreportin.com\/it\/wp-json\/wp\/v2\/pages\/3026","targetHints":{"allow":["GET"]}}],"collection":[{"href":"https:\/\/www.myreportin.com\/it\/wp-json\/wp\/v2\/pages"}],"about":[{"href":"https:\/\/www.myreportin.com\/it\/wp-json\/wp\/v2\/types\/page"}],"author":[{"embeddable":true,"href":"https:\/\/www.myreportin.com\/it\/wp-json\/wp\/v2\/users\/1"}],"replies":[{"embeddable":true,"href":"https:\/\/www.myreportin.com\/it\/wp-json\/wp\/v2\/comments?post=3026"}],"version-history":[{"count":1,"href":"https:\/\/www.myreportin.com\/it\/wp-json\/wp\/v2\/pages\/3026\/revisions"}],"predecessor-version":[{"id":3027,"href":"https:\/\/www.myreportin.com\/it\/wp-json\/wp\/v2\/pages\/3026\/revisions\/3027"}],"wp:attachment":[{"href":"https:\/\/www.myreportin.com\/it\/wp-json\/wp\/v2\/media?parent=3026"}],"curies":[{"name":"wp","href":"https:\/\/api.w.org\/{rel}","templated":true}]}}